{"id":9968,"date":"2022-11-19T22:58:49","date_gmt":"2022-11-19T22:58:49","guid":{"rendered":"https:\/\/www.triecologic.pt\/?post_type=product&#038;p=9968"},"modified":"2023-04-11T21:41:16","modified_gmt":"2023-04-11T21:41:16","slug":"tampa-transparentes-em-pla-para-bases-retangulares-2","status":"publish","type":"product","link":"https:\/\/www.triecologic.pt\/es\/produto\/tampa-transparentes-em-pla-para-bases-retangulares-2\/","title":{"rendered":"Tampa retangular transparente"},"content":{"rendered":"<p class=\"qtranxs-available-languages-message qtranxs-available-languages-message-es\">Disculpa, pero esta entrada est\u00e1 disponible s\u00f3lo en <a href=\"https:\/\/www.triecologic.pt\/pt\/wp-json\/wp\/v2\/product\/9968\" class=\"qtranxs-available-language-link qtranxs-available-language-link-pt\" title=\"Portugu\u00eas\">Portugu\u00eas<\/a>.<\/p>Mostre as suas saladas, sushi e sobremesas com a tampa transparente feita a partir de plantas e n\u00e3o de petr\u00f3leo. Veda na perfei\u00e7\u00e3o as bases da linha Naturesse. Pr\u00e1ticas e ecol\u00f3gicas s\u00e3o a solu\u00e7\u00e3o perfeita para o servi\u00e7o de take-away e delivery. Encaixa nas bases 15552 e 15551. Feito em PLA &#8211; biopol\u00edmero \u00e0 base de plantas e n\u00e3o do petr\u00f3leo.","protected":false},"excerpt":{"rendered":"<p>Disculpa, pero esta entrada est\u00e1 disponible s\u00f3lo en Portugu\u00eas.Mostre as suas saladas, sushi e sobremesas com a tampa transparente feita a partir de plantas e n\u00e3o de petr\u00f3leo. Veda na perfei\u00e7\u00e3o as bases da linha Naturesse. Pr\u00e1ticas e ecol\u00f3gicas s\u00e3o a solu\u00e7\u00e3o perfeita para o servi\u00e7o de take-away e delivery. Encaixa nas bases 15552 e [&hellip;]<\/p>\n","protected":false},"featured_media":7133,"template":"","meta":{"_joinchat":[]},"product_cat":[279,242,235,240,257,246,238,237,234],"product_tag":[],"class_list":["post-9968","product","type-product","status-publish","has-post-thumbnail","hentry","product_cat-horeca","product_cat-caixas-refeicao","product_cat-delivery-e-takeaway","product_cat-linha-geladaria","product_cat-linha-gourmet","product_cat-linha-pastelaria","product_cat-linha-sushi","product_cat-saladas","product_cat-sopas-e-sobremesas","product_marca-naturesse","material-pla","certificados-contacto-alimentar","certificados-en13432"],"_links":{"self":[{"href":"https:\/\/www.triecologic.pt\/es\/wp-json\/wp\/v2\/product\/9968","targetHints":{"allow":["GET"]}}],"collection":[{"href":"https:\/\/www.triecologic.pt\/es\/wp-json\/wp\/v2\/product"}],"about":[{"href":"https:\/\/www.triecologic.pt\/es\/wp-json\/wp\/v2\/types\/product"}],"wp:featuredmedia":[{"embeddable":true,"href":"https:\/\/www.triecologic.pt\/es\/wp-json\/wp\/v2\/media\/7133"}],"wp:attachment":[{"href":"https:\/\/www.triecologic.pt\/es\/wp-json\/wp\/v2\/media?parent=9968"}],"wp:term":[{"taxonomy":"product_cat","embeddable":true,"href":"https:\/\/www.triecologic.pt\/es\/wp-json\/wp\/v2\/product_cat?post=9968"},{"taxonomy":"product_tag","embeddable":true,"href":"https:\/\/www.triecologic.pt\/es\/wp-json\/wp\/v2\/product_tag?post=9968"}],"curies":[{"name":"wp","href":"https:\/\/api.w.org\/{rel}","templated":true}]}}