{"id":9963,"date":"2022-11-19T22:44:17","date_gmt":"2022-11-19T22:44:17","guid":{"rendered":"https:\/\/www.triecologic.pt\/?post_type=product&#038;p=9963"},"modified":"2023-04-11T21:41:54","modified_gmt":"2023-04-11T21:41:54","slug":"tampa-retangular-com-abas-de-fecho-isolante-165230-mm","status":"publish","type":"product","link":"https:\/\/www.triecologic.pt\/es\/produto\/tampa-retangular-com-abas-de-fecho-isolante-165230-mm\/","title":{"rendered":"Tampa retangular creme com abas de fecho isolante"},"content":{"rendered":"<p class=\"qtranxs-available-languages-message qtranxs-available-languages-message-es\">Disculpa, pero esta entrada est\u00e1 disponible s\u00f3lo en <a href=\"https:\/\/www.triecologic.pt\/pt\/wp-json\/wp\/v2\/product\/9963\" class=\"qtranxs-available-language-link qtranxs-available-language-link-pt\" title=\"Portugu\u00eas\">Portugu\u00eas<\/a>.<\/p>Tampa retangular com abas para um perfeito isolamento e anti-derrame. Encaixa nas tijelas 15551 e 15552. Cor: creme. Fibras recicladas de cana-de-a\u00e7\u00facar.","protected":false},"excerpt":{"rendered":"<p>Disculpa, pero esta entrada est\u00e1 disponible s\u00f3lo en Portugu\u00eas.Tampa retangular com abas para um perfeito isolamento e anti-derrame. Encaixa nas tijelas 15551 e 15552. Cor: creme. Fibras recicladas de cana-de-a\u00e7\u00facar.<\/p>\n","protected":false},"featured_media":9991,"template":"","meta":{"_joinchat":[]},"product_cat":[279,242,235,240,257,246,238,237,234,331],"product_tag":[],"class_list":["post-9963","product","type-product","status-publish","has-post-thumbnail","hentry","product_cat-horeca","product_cat-caixas-refeicao","product_cat-delivery-e-takeaway","product_cat-linha-geladaria","product_cat-linha-gourmet","product_cat-linha-pastelaria","product_cat-linha-sushi","product_cat-saladas","product_cat-sopas-e-sobremesas","product_cat-produtos-zero","product_marca-naturesse","material-cana-de-acucar","certificados-contacto-alimentar","certificados-en13432"],"_links":{"self":[{"href":"https:\/\/www.triecologic.pt\/es\/wp-json\/wp\/v2\/product\/9963","targetHints":{"allow":["GET"]}}],"collection":[{"href":"https:\/\/www.triecologic.pt\/es\/wp-json\/wp\/v2\/product"}],"about":[{"href":"https:\/\/www.triecologic.pt\/es\/wp-json\/wp\/v2\/types\/product"}],"wp:featuredmedia":[{"embeddable":true,"href":"https:\/\/www.triecologic.pt\/es\/wp-json\/wp\/v2\/media\/9991"}],"wp:attachment":[{"href":"https:\/\/www.triecologic.pt\/es\/wp-json\/wp\/v2\/media?parent=9963"}],"wp:term":[{"taxonomy":"product_cat","embeddable":true,"href":"https:\/\/www.triecologic.pt\/es\/wp-json\/wp\/v2\/product_cat?post=9963"},{"taxonomy":"product_tag","embeddable":true,"href":"https:\/\/www.triecologic.pt\/es\/wp-json\/wp\/v2\/product_tag?post=9963"}],"curies":[{"name":"wp","href":"https:\/\/api.w.org\/{rel}","templated":true}]}}