{"id":9912,"date":"2022-11-08T16:12:36","date_gmt":"2022-11-08T16:12:36","guid":{"rendered":"https:\/\/www.triecologic.pt\/?post_type=product&#038;p=9912"},"modified":"2023-04-11T21:46:46","modified_gmt":"2023-04-11T21:46:46","slug":"tampa-em-cartao-castanho-150-mm","status":"publish","type":"product","link":"https:\/\/www.triecologic.pt\/es\/produto\/tampa-em-cartao-castanho-150-mm\/","title":{"rendered":"Tampa redonda cart\u00e3o kraft 150 mm"},"content":{"rendered":"<p class=\"qtranxs-available-languages-message qtranxs-available-languages-message-es\">Disculpa, pero esta entrada est\u00e1 disponible s\u00f3lo en <a href=\"https:\/\/www.triecologic.pt\/pt\/wp-json\/wp\/v2\/product\/9912\" class=\"qtranxs-available-language-link qtranxs-available-language-link-pt\" title=\"Portugu\u00eas\">Portugu\u00eas<\/a>.<\/p>Tampas de papel perfeitas para transporte de alimentos quentes ou frios. Cart\u00e3o de origem sustent\u00e1vel, com um revestimento em PLA &#8211; biopol\u00edmero feito \u00e0 base de plantas e n\u00e3o do petr\u00f3leo.","protected":false},"excerpt":{"rendered":"<p>Disculpa, pero esta entrada est\u00e1 disponible s\u00f3lo en Portugu\u00eas.Tampas de papel perfeitas para transporte de alimentos quentes ou frios. Cart\u00e3o de origem sustent\u00e1vel, com um revestimento em PLA &#8211; biopol\u00edmero feito \u00e0 base de plantas e n\u00e3o do petr\u00f3leo.<\/p>\n","protected":false},"featured_media":9913,"template":"","meta":{"_joinchat":[]},"product_cat":[283,259,241,242,235,279,240,246,238,234],"product_tag":[],"class_list":["post-9912","product","type-product","status-publish","has-post-thumbnail","hentry","product_cat-agricultura","product_cat-bowls","product_cat-caixas-papel","product_cat-caixas-refeicao","product_cat-delivery-e-takeaway","product_cat-horeca","product_cat-linha-geladaria","product_cat-linha-pastelaria","product_cat-linha-sushi","product_cat-sopas-e-sobremesas","product_marca-greenbox","material-cartao","certificados-astm-d6400","certificados-bpi-compostable","certificados-contacto-alimentar","certificados-en13432","certificados-fsc"],"_links":{"self":[{"href":"https:\/\/www.triecologic.pt\/es\/wp-json\/wp\/v2\/product\/9912","targetHints":{"allow":["GET"]}}],"collection":[{"href":"https:\/\/www.triecologic.pt\/es\/wp-json\/wp\/v2\/product"}],"about":[{"href":"https:\/\/www.triecologic.pt\/es\/wp-json\/wp\/v2\/types\/product"}],"wp:featuredmedia":[{"embeddable":true,"href":"https:\/\/www.triecologic.pt\/es\/wp-json\/wp\/v2\/media\/9913"}],"wp:attachment":[{"href":"https:\/\/www.triecologic.pt\/es\/wp-json\/wp\/v2\/media?parent=9912"}],"wp:term":[{"taxonomy":"product_cat","embeddable":true,"href":"https:\/\/www.triecologic.pt\/es\/wp-json\/wp\/v2\/product_cat?post=9912"},{"taxonomy":"product_tag","embeddable":true,"href":"https:\/\/www.triecologic.pt\/es\/wp-json\/wp\/v2\/product_tag?post=9912"}],"curies":[{"name":"wp","href":"https:\/\/api.w.org\/{rel}","templated":true}]}}