{"id":7974,"date":"2022-09-16T14:32:57","date_gmt":"2022-09-16T14:32:57","guid":{"rendered":"https:\/\/www.triecologic.pt\/produto\/tabuleiro-em-cartao-kraft-para-baguete-cachorro\/"},"modified":"2023-04-11T20:06:53","modified_gmt":"2023-04-11T20:06:53","slug":"https-www-vegware-com-uk-en-catalogue-sandwich-and-wrap-boxes-kraft-baguette-tray","status":"publish","type":"product","link":"https:\/\/www.triecologic.pt\/es\/produto\/https-www-vegware-com-uk-en-catalogue-sandwich-and-wrap-boxes-kraft-baguette-tray\/","title":{"rendered":"Tabuleiro\/barqueta em kraft para baguete\/cachorro"},"content":{"rendered":"<p class=\"qtranxs-available-languages-message qtranxs-available-languages-message-es\">Disculpa, pero esta entrada est\u00e1 disponible s\u00f3lo en <a href=\"https:\/\/www.triecologic.pt\/pt\/wp-json\/wp\/v2\/product\/7974\" class=\"qtranxs-available-language-link qtranxs-available-language-link-pt\" title=\"Portugu\u00eas\">Portugu\u00eas<\/a>.<\/p>Tabuleiro eco-pr\u00e1tico para colocar baguetes ou cachorros quentes. Pode ser usado para outro tipo de alimentos, sem molhos. Com um revestimento interior anti gordura, feito \u00e0 base de PLA \u2013 biopol\u00edmero feito a partir de plantas.","protected":false},"excerpt":{"rendered":"<p>Disculpa, pero esta entrada est\u00e1 disponible s\u00f3lo en Portugu\u00eas.Tabuleiro eco-pr\u00e1tico para colocar baguetes ou cachorros quentes. Pode ser usado para outro tipo de alimentos, sem molhos. Com um revestimento interior anti gordura, feito \u00e0 base de PLA \u2013 biopol\u00edmero feito a partir de plantas.<\/p>\n","protected":false},"featured_media":7932,"template":"","meta":{"_joinchat":[]},"product_cat":[283,236,287,279,239,246,238,245],"product_tag":[],"class_list":["post-7974","product","type-product","status-publish","has-post-thumbnail","hentry","product_cat-agricultura","product_cat-catering","product_cat-cuvetes-agricultura","product_cat-horeca","product_cat-linha-fast-street-finger-food","product_cat-linha-pastelaria","product_cat-linha-sushi","product_cat-warps-e-sanduiches","product_marca-vegware","material-cartao","certificados-astm-d6400","certificados-bpi-compostable","certificados-contacto-alimentar","certificados-en13432","certificados-fsc","certificados-tuv-austria-ok-compost"],"_links":{"self":[{"href":"https:\/\/www.triecologic.pt\/es\/wp-json\/wp\/v2\/product\/7974","targetHints":{"allow":["GET"]}}],"collection":[{"href":"https:\/\/www.triecologic.pt\/es\/wp-json\/wp\/v2\/product"}],"about":[{"href":"https:\/\/www.triecologic.pt\/es\/wp-json\/wp\/v2\/types\/product"}],"wp:featuredmedia":[{"embeddable":true,"href":"https:\/\/www.triecologic.pt\/es\/wp-json\/wp\/v2\/media\/7932"}],"wp:attachment":[{"href":"https:\/\/www.triecologic.pt\/es\/wp-json\/wp\/v2\/media?parent=7974"}],"wp:term":[{"taxonomy":"product_cat","embeddable":true,"href":"https:\/\/www.triecologic.pt\/es\/wp-json\/wp\/v2\/product_cat?post=7974"},{"taxonomy":"product_tag","embeddable":true,"href":"https:\/\/www.triecologic.pt\/es\/wp-json\/wp\/v2\/product_tag?post=7974"}],"curies":[{"name":"wp","href":"https:\/\/api.w.org\/{rel}","templated":true}]}}