{"id":7970,"date":"2022-09-16T14:32:54","date_gmt":"2022-09-16T14:32:54","guid":{"rendered":"https:\/\/www.triecologic.pt\/produto\/saco-kraft-com-janela-transparente-pla-110-x-60-x-235-mm\/"},"modified":"2023-04-11T20:02:11","modified_gmt":"2023-04-11T20:02:11","slug":"https-www-triecologic-pt-produto-saco-kraft-com-janela-transparente-pla-110-x-60-x-235-mm","status":"publish","type":"product","link":"https:\/\/www.triecologic.pt\/es\/produto\/https-www-triecologic-pt-produto-saco-kraft-com-janela-transparente-pla-110-x-60-x-235-mm\/","title":{"rendered":"Saco papel kraft com janela PLA 110 x 60 x 235 mm"},"content":{"rendered":"<p class=\"qtranxs-available-languages-message qtranxs-available-languages-message-es\">Disculpa, pero esta entrada est\u00e1 disponible s\u00f3lo en <a href=\"https:\/\/www.triecologic.pt\/pt\/wp-json\/wp\/v2\/product\/7970\" class=\"qtranxs-available-language-link qtranxs-available-language-link-pt\" title=\"Portugu\u00eas\">Portugu\u00eas<\/a>.<\/p>Um estilo cl\u00e1ssico! Saco liso em papel kraft reciclado, com fole e com uma janela transparente em PLA, feito \u00e0 base de plantas e n\u00e3o de petr\u00f3leo.<br \/>\nFeito em papel de origem sustent\u00e1vel, com uma janela em PLA &#8211; biopolimero anti-gordura feito a partir de plantas e n\u00e3o de petr\u00f3leo.","protected":false},"excerpt":{"rendered":"<p>Disculpa, pero esta entrada est\u00e1 disponible s\u00f3lo en Portugu\u00eas.Um estilo cl\u00e1ssico! Saco liso em papel kraft reciclado, com fole e com uma janela transparente em PLA, feito \u00e0 base de plantas e n\u00e3o de petr\u00f3leo. Feito em papel de origem sustent\u00e1vel, com uma janela em PLA &#8211; biopolimero anti-gordura feito a partir de plantas e [&hellip;]<\/p>\n","protected":false},"featured_media":7907,"template":"","meta":{"_joinchat":[]},"product_cat":[283,279,246,256,255,245],"product_tag":[],"class_list":["post-7970","product","type-product","status-publish","has-post-thumbnail","hentry","product_cat-agricultura","product_cat-horeca","product_cat-linha-pastelaria","product_cat-sacos","product_cat-sacos-involucros-e-folhas","product_cat-warps-e-sanduiches","product_marca-greenbox","material-papel","certificados-contacto-alimentar","certificados-en-12875","certificados-en13432","certificados-fsc"],"_links":{"self":[{"href":"https:\/\/www.triecologic.pt\/es\/wp-json\/wp\/v2\/product\/7970","targetHints":{"allow":["GET"]}}],"collection":[{"href":"https:\/\/www.triecologic.pt\/es\/wp-json\/wp\/v2\/product"}],"about":[{"href":"https:\/\/www.triecologic.pt\/es\/wp-json\/wp\/v2\/types\/product"}],"wp:featuredmedia":[{"embeddable":true,"href":"https:\/\/www.triecologic.pt\/es\/wp-json\/wp\/v2\/media\/7907"}],"wp:attachment":[{"href":"https:\/\/www.triecologic.pt\/es\/wp-json\/wp\/v2\/media?parent=7970"}],"wp:term":[{"taxonomy":"product_cat","embeddable":true,"href":"https:\/\/www.triecologic.pt\/es\/wp-json\/wp\/v2\/product_cat?post=7970"},{"taxonomy":"product_tag","embeddable":true,"href":"https:\/\/www.triecologic.pt\/es\/wp-json\/wp\/v2\/product_tag?post=7970"}],"curies":[{"name":"wp","href":"https:\/\/api.w.org\/{rel}","templated":true}]}}