{"id":7965,"date":"2022-09-16T14:32:49","date_gmt":"2022-09-16T14:32:49","guid":{"rendered":"https:\/\/www.triecologic.pt\/produto\/doseador-transparente-30-ml\/"},"modified":"2023-04-03T14:31:25","modified_gmt":"2023-04-03T14:31:25","slug":"doseador-transparente-30-ml","status":"publish","type":"product","link":"https:\/\/www.triecologic.pt\/es\/produto\/doseador-transparente-30-ml\/","title":{"rendered":"Doseador transparente 30 ml"},"content":{"rendered":"<p class=\"qtranxs-available-languages-message qtranxs-available-languages-message-es\">Disculpa, pero esta entrada est\u00e1 disponible s\u00f3lo en <a href=\"https:\/\/www.triecologic.pt\/pt\/wp-json\/wp\/v2\/product\/7965\" class=\"qtranxs-available-language-link qtranxs-available-language-link-pt\" title=\"Portugu\u00eas\">Portugu\u00eas<\/a>.<\/p>Estes pequenos doseadores s\u00e3o fant\u00e1sticos para colocar pequenas por\u00e7\u00f5es de todo o tipo de alimento s\u00f3lido ou l\u00edquido. Podem ser usados para colocar pequenas amostras (para provas do produto) ou para servir molhos, aperitivos, cereais, etc. Colocado com a tampa correspondente (vendido separadamente) evita que se entorne o seu conte\u00fado. PLA &#8211; biopol\u00edmero \u00e0 base de plantas e n\u00e3o do petr\u00f3leo.","protected":false},"excerpt":{"rendered":"<p>Disculpa, pero esta entrada est\u00e1 disponible s\u00f3lo en Portugu\u00eas.Estes pequenos doseadores s\u00e3o fant\u00e1sticos para colocar pequenas por\u00e7\u00f5es de todo o tipo de alimento s\u00f3lido ou l\u00edquido. Podem ser usados para colocar pequenas amostras (para provas do produto) ou para servir molhos, aperitivos, cereais, etc. Colocado com a tampa correspondente (vendido separadamente) evita que se entorne [&hellip;]<\/p>\n","protected":false},"featured_media":7904,"template":"","meta":{"_joinchat":[]},"product_cat":[236,235,250,279,239,238],"product_tag":[],"class_list":["post-7965","product","type-product","status-publish","has-post-thumbnail","hentry","product_cat-catering","product_cat-delivery-e-takeaway","product_cat-doseadores","product_cat-horeca","product_cat-linha-fast-street-finger-food","product_cat-linha-sushi","product_marca-vegware","material-pla","certificados-astm-d6400","certificados-bpi-compostable","certificados-contacto-alimentar","certificados-en13432","certificados-fsc","certificados-tuv-austria-ok-compost"],"_links":{"self":[{"href":"https:\/\/www.triecologic.pt\/es\/wp-json\/wp\/v2\/product\/7965","targetHints":{"allow":["GET"]}}],"collection":[{"href":"https:\/\/www.triecologic.pt\/es\/wp-json\/wp\/v2\/product"}],"about":[{"href":"https:\/\/www.triecologic.pt\/es\/wp-json\/wp\/v2\/types\/product"}],"wp:featuredmedia":[{"embeddable":true,"href":"https:\/\/www.triecologic.pt\/es\/wp-json\/wp\/v2\/media\/7904"}],"wp:attachment":[{"href":"https:\/\/www.triecologic.pt\/es\/wp-json\/wp\/v2\/media?parent=7965"}],"wp:term":[{"taxonomy":"product_cat","embeddable":true,"href":"https:\/\/www.triecologic.pt\/es\/wp-json\/wp\/v2\/product_cat?post=7965"},{"taxonomy":"product_tag","embeddable":true,"href":"https:\/\/www.triecologic.pt\/es\/wp-json\/wp\/v2\/product_tag?post=7965"}],"curies":[{"name":"wp","href":"https:\/\/api.w.org\/{rel}","templated":true}]}}