{"id":7953,"date":"2022-09-16T14:32:45","date_gmt":"2022-09-16T14:32:45","guid":{"rendered":"https:\/\/www.triecologic.pt\/produto\/pote-em-cartao-castanho-de-400-ml\/"},"modified":"2023-04-03T19:02:32","modified_gmt":"2023-04-03T19:02:32","slug":"pote-em-cartao-castanho-de-400-ml","status":"publish","type":"product","link":"https:\/\/www.triecologic.pt\/es\/produto\/pote-em-cartao-castanho-de-400-ml\/","title":{"rendered":"Pote em cart\u00e3o castanho de 400 ml"},"content":{"rendered":"<p class=\"qtranxs-available-languages-message qtranxs-available-languages-message-es\">Disculpa, pero esta entrada est\u00e1 disponible s\u00f3lo en <a href=\"https:\/\/www.triecologic.pt\/pt\/wp-json\/wp\/v2\/product\/7953\" class=\"qtranxs-available-language-link qtranxs-available-language-link-pt\" title=\"Portugu\u00eas\">Portugu\u00eas<\/a>.<\/p>Recipientes universais em cart\u00e3o castanho. Com revestimento em PLA, livre de petr\u00f3leo. Biodegrad\u00e1vel de acordo com a certifica\u00e7\u00e3o DIN13432. Para pratos quentes at\u00e9 100\u00b0 C e permite a congela\u00e7\u00e3o.<br \/>\nFeito em Cart\u00e3o KRAFT proveniente de fontes sustent\u00e1veis. Tampas n\u00e3o incluidas.","protected":false},"excerpt":{"rendered":"<p>Disculpa, pero esta entrada est\u00e1 disponible s\u00f3lo en Portugu\u00eas.Recipientes universais em cart\u00e3o castanho. Com revestimento em PLA, livre de petr\u00f3leo. Biodegrad\u00e1vel de acordo com a certifica\u00e7\u00e3o DIN13432. Para pratos quentes at\u00e9 100\u00b0 C e permite a congela\u00e7\u00e3o. Feito em Cart\u00e3o KRAFT proveniente de fontes sustent\u00e1veis. Tampas n\u00e3o incluidas.<\/p>\n","protected":false},"featured_media":7893,"template":"","meta":{"_joinchat":[]},"product_cat":[283,241,236,235,279,239,240,238,237,234],"product_tag":[],"class_list":["post-7953","product","type-product","status-publish","has-post-thumbnail","hentry","product_cat-agricultura","product_cat-caixas-papel","product_cat-catering","product_cat-delivery-e-takeaway","product_cat-horeca","product_cat-linha-fast-street-finger-food","product_cat-linha-geladaria","product_cat-linha-sushi","product_cat-saladas","product_cat-sopas-e-sobremesas","product_marca-greenbox","material-cartao","certificados-contacto-alimentar","certificados-en-12875","certificados-en13432","certificados-fsc"],"_links":{"self":[{"href":"https:\/\/www.triecologic.pt\/es\/wp-json\/wp\/v2\/product\/7953","targetHints":{"allow":["GET"]}}],"collection":[{"href":"https:\/\/www.triecologic.pt\/es\/wp-json\/wp\/v2\/product"}],"about":[{"href":"https:\/\/www.triecologic.pt\/es\/wp-json\/wp\/v2\/types\/product"}],"wp:featuredmedia":[{"embeddable":true,"href":"https:\/\/www.triecologic.pt\/es\/wp-json\/wp\/v2\/media\/7893"}],"wp:attachment":[{"href":"https:\/\/www.triecologic.pt\/es\/wp-json\/wp\/v2\/media?parent=7953"}],"wp:term":[{"taxonomy":"product_cat","embeddable":true,"href":"https:\/\/www.triecologic.pt\/es\/wp-json\/wp\/v2\/product_cat?post=7953"},{"taxonomy":"product_tag","embeddable":true,"href":"https:\/\/www.triecologic.pt\/es\/wp-json\/wp\/v2\/product_tag?post=7953"}],"curies":[{"name":"wp","href":"https:\/\/api.w.org\/{rel}","templated":true}]}}