{"id":7944,"date":"2022-09-16T14:32:42","date_gmt":"2022-09-16T14:32:42","guid":{"rendered":"https:\/\/www.triecologic.pt\/produto\/pote-em-cartao-castanho-de-150-ml\/"},"modified":"2023-04-03T18:58:13","modified_gmt":"2023-04-03T18:58:13","slug":"pote-em-cartao-castanho-de-150-ml","status":"publish","type":"product","link":"https:\/\/www.triecologic.pt\/es\/produto\/pote-em-cartao-castanho-de-150-ml\/","title":{"rendered":"Pote em cart\u00e3o castanho de 150 ml"},"content":{"rendered":"<p class=\"qtranxs-available-languages-message qtranxs-available-languages-message-es\">Disculpa, pero esta entrada est\u00e1 disponible s\u00f3lo en <a href=\"https:\/\/www.triecologic.pt\/pt\/wp-json\/wp\/v2\/product\/7944\" class=\"qtranxs-available-language-link qtranxs-available-language-link-pt\" title=\"Portugu\u00eas\">Portugu\u00eas<\/a>.<\/p>Vers\u00e1teis potes compost\u00e1veis para comida quente ou fria, tais como gelados, iogurte ou para pequenas por\u00e7\u00f5es de massas ou sopas. Cart\u00e3o de origem sustent\u00e1vel, com um revestimento em PLA &#8211; biopol\u00edmero feito \u00e0 base de plantas e n\u00e3o do petr\u00f3leo.","protected":false},"excerpt":{"rendered":"<p>Disculpa, pero esta entrada est\u00e1 disponible s\u00f3lo en Portugu\u00eas.Vers\u00e1teis potes compost\u00e1veis para comida quente ou fria, tais como gelados, iogurte ou para pequenas por\u00e7\u00f5es de massas ou sopas. Cart\u00e3o de origem sustent\u00e1vel, com um revestimento em PLA &#8211; biopol\u00edmero feito \u00e0 base de plantas e n\u00e3o do petr\u00f3leo.<\/p>\n","protected":false},"featured_media":7891,"template":"","meta":{"_joinchat":[]},"product_cat":[236,235,279,239,240,238,237,234],"product_tag":[],"class_list":["post-7944","product","type-product","status-publish","has-post-thumbnail","hentry","product_cat-catering","product_cat-delivery-e-takeaway","product_cat-horeca","product_cat-linha-fast-street-finger-food","product_cat-linha-geladaria","product_cat-linha-sushi","product_cat-saladas","product_cat-sopas-e-sobremesas","product_marca-greenbox","material-cartao","certificados-contacto-alimentar","certificados-en-12875","certificados-en13432","certificados-fsc"],"_links":{"self":[{"href":"https:\/\/www.triecologic.pt\/es\/wp-json\/wp\/v2\/product\/7944","targetHints":{"allow":["GET"]}}],"collection":[{"href":"https:\/\/www.triecologic.pt\/es\/wp-json\/wp\/v2\/product"}],"about":[{"href":"https:\/\/www.triecologic.pt\/es\/wp-json\/wp\/v2\/types\/product"}],"wp:featuredmedia":[{"embeddable":true,"href":"https:\/\/www.triecologic.pt\/es\/wp-json\/wp\/v2\/media\/7891"}],"wp:attachment":[{"href":"https:\/\/www.triecologic.pt\/es\/wp-json\/wp\/v2\/media?parent=7944"}],"wp:term":[{"taxonomy":"product_cat","embeddable":true,"href":"https:\/\/www.triecologic.pt\/es\/wp-json\/wp\/v2\/product_cat?post=7944"},{"taxonomy":"product_tag","embeddable":true,"href":"https:\/\/www.triecologic.pt\/es\/wp-json\/wp\/v2\/product_tag?post=7944"}],"curies":[{"name":"wp","href":"https:\/\/api.w.org\/{rel}","templated":true}]}}