{"id":7940,"date":"2022-09-16T14:32:40","date_gmt":"2022-09-16T14:32:40","guid":{"rendered":"https:\/\/www.triecologic.pt\/produto\/caixa-cartao-kraft-com-janela-650-ml\/"},"modified":"2023-04-07T22:43:17","modified_gmt":"2023-04-07T22:43:17","slug":"caixa-cartao-kraft-com-janela-650-ml","status":"publish","type":"product","link":"https:\/\/www.triecologic.pt\/es\/produto\/caixa-cartao-kraft-com-janela-650-ml\/","title":{"rendered":"Caixa cart\u00e3o Kraft com janela 650 ml"},"content":{"rendered":"<p class=\"qtranxs-available-languages-message qtranxs-available-languages-message-es\">Disculpa, pero esta entrada est\u00e1 disponible s\u00f3lo en <a href=\"https:\/\/www.triecologic.pt\/pt\/wp-json\/wp\/v2\/product\/7940\" class=\"qtranxs-available-language-link qtranxs-available-language-link-pt\" title=\"Portugu\u00eas\">Portugu\u00eas<\/a>.<\/p>Caixa de cart\u00e3o retangular com janela. Perfeitas para alimentos frios, tais como saladas ou massas ou at\u00e9 mesmo para bolos. A janela permite uma visualiza\u00e7\u00e3o e apresenta\u00e7\u00e3o perfeita dos alimentos. Cart\u00e3o de origem sustent\u00e1vel, com uma janela panor\u00e2mica em PLA &#8211; biopol\u00edmero feito \u00e0 base de plantas e n\u00e3o do petr\u00f3leo.","protected":false},"excerpt":{"rendered":"<p>Disculpa, pero esta entrada est\u00e1 disponible s\u00f3lo en Portugu\u00eas.Caixa de cart\u00e3o retangular com janela. Perfeitas para alimentos frios, tais como saladas ou massas ou at\u00e9 mesmo para bolos. A janela permite uma visualiza\u00e7\u00e3o e apresenta\u00e7\u00e3o perfeita dos alimentos. Cart\u00e3o de origem sustent\u00e1vel, com uma janela panor\u00e2mica em PLA &#8211; biopol\u00edmero feito \u00e0 base de plantas [&hellip;]<\/p>\n","protected":false},"featured_media":7887,"template":"","meta":{"_joinchat":[]},"product_cat":[242,236,235,279,239,257,246,238,245],"product_tag":[],"class_list":["post-7940","product","type-product","status-publish","has-post-thumbnail","hentry","product_cat-caixas-refeicao","product_cat-catering","product_cat-delivery-e-takeaway","product_cat-horeca","product_cat-linha-fast-street-finger-food","product_cat-linha-gourmet","product_cat-linha-pastelaria","product_cat-linha-sushi","product_cat-warps-e-sanduiches","product_marca-vegware","material-cartao","certificados-astm-d6400","certificados-bpi-compostable","certificados-contacto-alimentar","certificados-en13432","certificados-fsc","certificados-tuv-austria-ok-compost"],"_links":{"self":[{"href":"https:\/\/www.triecologic.pt\/es\/wp-json\/wp\/v2\/product\/7940","targetHints":{"allow":["GET"]}}],"collection":[{"href":"https:\/\/www.triecologic.pt\/es\/wp-json\/wp\/v2\/product"}],"about":[{"href":"https:\/\/www.triecologic.pt\/es\/wp-json\/wp\/v2\/types\/product"}],"wp:featuredmedia":[{"embeddable":true,"href":"https:\/\/www.triecologic.pt\/es\/wp-json\/wp\/v2\/media\/7887"}],"wp:attachment":[{"href":"https:\/\/www.triecologic.pt\/es\/wp-json\/wp\/v2\/media?parent=7940"}],"wp:term":[{"taxonomy":"product_cat","embeddable":true,"href":"https:\/\/www.triecologic.pt\/es\/wp-json\/wp\/v2\/product_cat?post=7940"},{"taxonomy":"product_tag","embeddable":true,"href":"https:\/\/www.triecologic.pt\/es\/wp-json\/wp\/v2\/product_tag?post=7940"}],"curies":[{"name":"wp","href":"https:\/\/api.w.org\/{rel}","templated":true}]}}