{"id":7938,"date":"2022-09-16T14:32:40","date_gmt":"2022-09-16T14:32:40","guid":{"rendered":"https:\/\/www.triecologic.pt\/produto\/caixa-cartao-kraft-com-janela-e-tabuleiro-tamanho-450-mm\/"},"modified":"2023-04-11T22:14:43","modified_gmt":"2023-04-11T22:14:43","slug":"caixa-cartao-kraft-com-janela-e-tabuleiro-tamanho-450-mm","status":"publish","type":"product","link":"https:\/\/www.triecologic.pt\/es\/produto\/caixa-cartao-kraft-com-janela-e-tabuleiro-tamanho-450-mm\/","title":{"rendered":"Caixa cart\u00e3o Kraft com janela e tabuleiro &#8211; tamanho 450 mm"},"content":{"rendered":"<p class=\"qtranxs-available-languages-message qtranxs-available-languages-message-es\">Disculpa, pero esta entrada est\u00e1 disponible s\u00f3lo en <a href=\"https:\/\/www.triecologic.pt\/pt\/wp-json\/wp\/v2\/product\/7938\" class=\"qtranxs-available-language-link qtranxs-available-language-link-pt\" title=\"Portugu\u00eas\">Portugu\u00eas<\/a>.<\/p>Com um tamanho maior, esta caixa \u00e9 ideal para transporte de alimentos, com divis\u00f3rias ou sem divis\u00f3rias. A janela em PLA permite uma \u00f3ptima visibilidade e apresenta\u00e7\u00e3o para alimentos, cabazes, brunches, sandes, etc. Cart\u00e3o de origem sustent\u00e1vel, com uma janela panor\u00e2mica em PLA &#8211; biopol\u00edmero feito \u00e0 base de plantas e n\u00e3o do petr\u00f3leo.","protected":false},"excerpt":{"rendered":"<p>Disculpa, pero esta entrada est\u00e1 disponible s\u00f3lo en Portugu\u00eas.Com um tamanho maior, esta caixa \u00e9 ideal para transporte de alimentos, com divis\u00f3rias ou sem divis\u00f3rias. A janela em PLA permite uma \u00f3ptima visibilidade e apresenta\u00e7\u00e3o para alimentos, cabazes, brunches, sandes, etc. Cart\u00e3o de origem sustent\u00e1vel, com uma janela panor\u00e2mica em PLA &#8211; biopol\u00edmero feito \u00e0 [&hellip;]<\/p>\n","protected":false},"featured_media":7885,"template":"","meta":{"_joinchat":[]},"product_cat":[260,236,235,279,257,246,238,245],"product_tag":[],"class_list":["post-7938","product","type-product","status-publish","has-post-thumbnail","hentry","product_cat-caixas-e-sacos-transporte","product_cat-catering","product_cat-delivery-e-takeaway","product_cat-horeca","product_cat-linha-gourmet","product_cat-linha-pastelaria","product_cat-linha-sushi","product_cat-warps-e-sanduiches","product_marca-vegware","material-cartao","certificados-astm-d6400","certificados-bpi-compostable","certificados-contacto-alimentar","certificados-en13432","certificados-fsc","certificados-tuv-austria-ok-compost"],"_links":{"self":[{"href":"https:\/\/www.triecologic.pt\/es\/wp-json\/wp\/v2\/product\/7938","targetHints":{"allow":["GET"]}}],"collection":[{"href":"https:\/\/www.triecologic.pt\/es\/wp-json\/wp\/v2\/product"}],"about":[{"href":"https:\/\/www.triecologic.pt\/es\/wp-json\/wp\/v2\/types\/product"}],"wp:featuredmedia":[{"embeddable":true,"href":"https:\/\/www.triecologic.pt\/es\/wp-json\/wp\/v2\/media\/7885"}],"wp:attachment":[{"href":"https:\/\/www.triecologic.pt\/es\/wp-json\/wp\/v2\/media?parent=7938"}],"wp:term":[{"taxonomy":"product_cat","embeddable":true,"href":"https:\/\/www.triecologic.pt\/es\/wp-json\/wp\/v2\/product_cat?post=7938"},{"taxonomy":"product_tag","embeddable":true,"href":"https:\/\/www.triecologic.pt\/es\/wp-json\/wp\/v2\/product_tag?post=7938"}],"curies":[{"name":"wp","href":"https:\/\/api.w.org\/{rel}","templated":true}]}}