{"id":7937,"date":"2022-09-16T14:32:40","date_gmt":"2022-09-16T14:32:40","guid":{"rendered":"https:\/\/www.triecologic.pt\/produto\/tabuleiro-para-caixa-155-x-125-x-80-mm-4-divisorias\/"},"modified":"2023-04-09T11:51:28","modified_gmt":"2023-04-09T11:51:28","slug":"tabuleiro-para-caixa-155-x-125-x-80-mm-4-divisorias","status":"publish","type":"product","link":"https:\/\/www.triecologic.pt\/es\/produto\/tabuleiro-para-caixa-155-x-125-x-80-mm-4-divisorias\/","title":{"rendered":"Tabuleiro para caixa (155 x 125 x 80 mm) &#8211; 4 divis\u00f3rias"},"content":{"rendered":"<p class=\"qtranxs-available-languages-message qtranxs-available-languages-message-es\">Disculpa, pero esta entrada est\u00e1 disponible s\u00f3lo en <a href=\"https:\/\/www.triecologic.pt\/pt\/wp-json\/wp\/v2\/product\/7937\" class=\"qtranxs-available-language-link qtranxs-available-language-link-pt\" title=\"Portugu\u00eas\">Portugu\u00eas<\/a>.<\/p>Um tabuleiro bandeja para inserir dentro da caixa de transporte, com 1\/4 do tamanho da sua caixa de bandeja. Simples de montar.","protected":false},"excerpt":{"rendered":"<p>Disculpa, pero esta entrada est\u00e1 disponible s\u00f3lo en Portugu\u00eas.Um tabuleiro bandeja para inserir dentro da caixa de transporte, com 1\/4 do tamanho da sua caixa de bandeja. Simples de montar.<\/p>\n","protected":false},"featured_media":7884,"template":"","meta":{"_joinchat":[]},"product_cat":[283,260,241,236,235,279,239,257,246,238,245],"product_tag":[],"class_list":["post-7937","product","type-product","status-publish","has-post-thumbnail","hentry","product_cat-agricultura","product_cat-caixas-e-sacos-transporte","product_cat-caixas-papel","product_cat-catering","product_cat-delivery-e-takeaway","product_cat-horeca","product_cat-linha-fast-street-finger-food","product_cat-linha-gourmet","product_cat-linha-pastelaria","product_cat-linha-sushi","product_cat-warps-e-sanduiches","product_marca-vegware","material-cartao","certificados-astm-d6400","certificados-bpi-compostable","certificados-contacto-alimentar","certificados-en13432","certificados-fsc","certificados-tuv-austria-ok-compost"],"_links":{"self":[{"href":"https:\/\/www.triecologic.pt\/es\/wp-json\/wp\/v2\/product\/7937","targetHints":{"allow":["GET"]}}],"collection":[{"href":"https:\/\/www.triecologic.pt\/es\/wp-json\/wp\/v2\/product"}],"about":[{"href":"https:\/\/www.triecologic.pt\/es\/wp-json\/wp\/v2\/types\/product"}],"wp:featuredmedia":[{"embeddable":true,"href":"https:\/\/www.triecologic.pt\/es\/wp-json\/wp\/v2\/media\/7884"}],"wp:attachment":[{"href":"https:\/\/www.triecologic.pt\/es\/wp-json\/wp\/v2\/media?parent=7937"}],"wp:term":[{"taxonomy":"product_cat","embeddable":true,"href":"https:\/\/www.triecologic.pt\/es\/wp-json\/wp\/v2\/product_cat?post=7937"},{"taxonomy":"product_tag","embeddable":true,"href":"https:\/\/www.triecologic.pt\/es\/wp-json\/wp\/v2\/product_tag?post=7937"}],"curies":[{"name":"wp","href":"https:\/\/api.w.org\/{rel}","templated":true}]}}