{"id":7864,"date":"2022-09-12T14:17:32","date_gmt":"2022-09-12T14:17:32","guid":{"rendered":"https:\/\/www.triecologic.pt\/produto\/barqueta-800-ml\/"},"modified":"2023-04-11T20:16:24","modified_gmt":"2023-04-11T20:16:24","slug":"barqueta-800-ml","status":"publish","type":"product","link":"https:\/\/www.triecologic.pt\/es\/produto\/barqueta-800-ml\/","title":{"rendered":"Barqueta 800 ml"},"content":{"rendered":"<p class=\"qtranxs-available-languages-message qtranxs-available-languages-message-es\">Disculpa, pero esta entrada est\u00e1 disponible s\u00f3lo en <a href=\"https:\/\/www.triecologic.pt\/pt\/wp-json\/wp\/v2\/product\/7864\" class=\"qtranxs-available-language-link qtranxs-available-language-link-pt\" title=\"Portugu\u00eas\">Portugu\u00eas<\/a>.<\/p>Tabuleiro em Kraft, sem revestimento. 100% biodegrad\u00e1vel.","protected":false},"excerpt":{"rendered":"<p>Disculpa, pero esta entrada est\u00e1 disponible s\u00f3lo en Portugu\u00eas.Tabuleiro em Kraft, sem revestimento. 100% biodegrad\u00e1vel.<\/p>\n","protected":false},"featured_media":7925,"template":"","meta":{"_joinchat":[]},"product_cat":[283,236,287,279,239,240,257,246,238,237],"product_tag":[],"class_list":["post-7864","product","type-product","status-publish","has-post-thumbnail","hentry","product_cat-agricultura","product_cat-catering","product_cat-cuvetes-agricultura","product_cat-horeca","product_cat-linha-fast-street-finger-food","product_cat-linha-geladaria","product_cat-linha-gourmet","product_cat-linha-pastelaria","product_cat-linha-sushi","product_cat-saladas","product_marca-greenbox","material-cartao","certificados-contacto-alimentar","certificados-en-12875","certificados-en13432","certificados-fsc"],"_links":{"self":[{"href":"https:\/\/www.triecologic.pt\/es\/wp-json\/wp\/v2\/product\/7864","targetHints":{"allow":["GET"]}}],"collection":[{"href":"https:\/\/www.triecologic.pt\/es\/wp-json\/wp\/v2\/product"}],"about":[{"href":"https:\/\/www.triecologic.pt\/es\/wp-json\/wp\/v2\/types\/product"}],"wp:featuredmedia":[{"embeddable":true,"href":"https:\/\/www.triecologic.pt\/es\/wp-json\/wp\/v2\/media\/7925"}],"wp:attachment":[{"href":"https:\/\/www.triecologic.pt\/es\/wp-json\/wp\/v2\/media?parent=7864"}],"wp:term":[{"taxonomy":"product_cat","embeddable":true,"href":"https:\/\/www.triecologic.pt\/es\/wp-json\/wp\/v2\/product_cat?post=7864"},{"taxonomy":"product_tag","embeddable":true,"href":"https:\/\/www.triecologic.pt\/es\/wp-json\/wp\/v2\/product_tag?post=7864"}],"curies":[{"name":"wp","href":"https:\/\/api.w.org\/{rel}","templated":true}]}}