{"id":7860,"date":"2022-09-12T14:17:32","date_gmt":"2022-09-12T14:17:32","guid":{"rendered":"https:\/\/www.triecologic.pt\/produto\/barqueta-900-ml\/"},"modified":"2023-04-11T20:15:37","modified_gmt":"2023-04-11T20:15:37","slug":"barqueta-900-ml","status":"publish","type":"product","link":"https:\/\/www.triecologic.pt\/es\/produto\/barqueta-900-ml\/","title":{"rendered":"Barqueta 900 ml"},"content":{"rendered":"<p class=\"qtranxs-available-languages-message qtranxs-available-languages-message-es\">Disculpa, pero esta entrada est\u00e1 disponible s\u00f3lo en <a href=\"https:\/\/www.triecologic.pt\/pt\/wp-json\/wp\/v2\/product\/7860\" class=\"qtranxs-available-language-link qtranxs-available-language-link-pt\" title=\"Portugu\u00eas\">Portugu\u00eas<\/a>.<\/p>Os novos tabuleiros para alimentos s\u00e3o perfeitos para servir uma saborosa comida quente, para Street Food ou at\u00e9 mesmo para colocar fruta ou legumes. Feitos em cart\u00e3o com revestimento proveniente de argila, pr\u00f3prios para contacto alimentar e resistentes a gordura. Capacidade 900 ml.","protected":false},"excerpt":{"rendered":"<p>Disculpa, pero esta entrada est\u00e1 disponible s\u00f3lo en Portugu\u00eas.Os novos tabuleiros para alimentos s\u00e3o perfeitos para servir uma saborosa comida quente, para Street Food ou at\u00e9 mesmo para colocar fruta ou legumes. Feitos em cart\u00e3o com revestimento proveniente de argila, pr\u00f3prios para contacto alimentar e resistentes a gordura. Capacidade 900 ml.<\/p>\n","protected":false},"featured_media":7920,"template":"","meta":{"_joinchat":[]},"product_cat":[283,236,287,279,239,240,257,246,238,237],"product_tag":[],"class_list":["post-7860","product","type-product","status-publish","has-post-thumbnail","hentry","product_cat-agricultura","product_cat-catering","product_cat-cuvetes-agricultura","product_cat-horeca","product_cat-linha-fast-street-finger-food","product_cat-linha-geladaria","product_cat-linha-gourmet","product_cat-linha-pastelaria","product_cat-linha-sushi","product_cat-saladas","product_marca-vegware","material-cartao","certificados-astm-d6400","certificados-bpi-compostable","certificados-contacto-alimentar","certificados-en13432","certificados-fsc","certificados-tuv-austria-ok-compost"],"_links":{"self":[{"href":"https:\/\/www.triecologic.pt\/es\/wp-json\/wp\/v2\/product\/7860","targetHints":{"allow":["GET"]}}],"collection":[{"href":"https:\/\/www.triecologic.pt\/es\/wp-json\/wp\/v2\/product"}],"about":[{"href":"https:\/\/www.triecologic.pt\/es\/wp-json\/wp\/v2\/types\/product"}],"wp:featuredmedia":[{"embeddable":true,"href":"https:\/\/www.triecologic.pt\/es\/wp-json\/wp\/v2\/media\/7920"}],"wp:attachment":[{"href":"https:\/\/www.triecologic.pt\/es\/wp-json\/wp\/v2\/media?parent=7860"}],"wp:term":[{"taxonomy":"product_cat","embeddable":true,"href":"https:\/\/www.triecologic.pt\/es\/wp-json\/wp\/v2\/product_cat?post=7860"},{"taxonomy":"product_tag","embeddable":true,"href":"https:\/\/www.triecologic.pt\/es\/wp-json\/wp\/v2\/product_tag?post=7860"}],"curies":[{"name":"wp","href":"https:\/\/api.w.org\/{rel}","templated":true}]}}