{"id":7854,"date":"2022-09-12T14:17:31","date_gmt":"2022-09-12T14:17:31","guid":{"rendered":"https:\/\/www.triecologic.pt\/produto\/saco-lixo-70-litros\/"},"modified":"2022-10-31T00:54:04","modified_gmt":"2022-10-31T00:54:04","slug":"saco-lixo-70-litros","status":"publish","type":"product","link":"https:\/\/www.triecologic.pt\/es\/produto\/saco-lixo-70-litros\/","title":{"rendered":"Saco Lixo 70 Litros"},"content":{"rendered":"<p class=\"qtranxs-available-languages-message qtranxs-available-languages-message-es\">Disculpa, pero esta entrada est\u00e1 disponible s\u00f3lo en <a href=\"https:\/\/www.triecologic.pt\/pt\/wp-json\/wp\/v2\/product\/7854\" class=\"qtranxs-available-language-link qtranxs-available-language-link-pt\" title=\"Portugu\u00eas\">Portugu\u00eas<\/a>.<\/p>Sacos compost\u00e1veis certificados para res\u00edduos org\u00e2nicos de alimentos. Feito com uma pelicula respir\u00e1vel, mant\u00e9m mais frios e secos os res\u00edduos de alimentos, reduzindo o seu odor. Com uma protec\u00e7\u00e3o comprovada anti-bact\u00e9rias, anti-v\u00edrus, anti-esporos e anti-mofo. Ficam transparentes quando molhados. Estes sacos reduzem a necessidade de lavar os caixotes. Sacos com capacidade para 70 litros. Cada rolo tem 20 unidades.","protected":false},"excerpt":{"rendered":"<p>Disculpa, pero esta entrada est\u00e1 disponible s\u00f3lo en Portugu\u00eas.Sacos compost\u00e1veis certificados para res\u00edduos org\u00e2nicos de alimentos. Feito com uma pelicula respir\u00e1vel, mant\u00e9m mais frios e secos os res\u00edduos de alimentos, reduzindo o seu odor. Com uma protec\u00e7\u00e3o comprovada anti-bact\u00e9rias, anti-v\u00edrus, anti-esporos e anti-mofo. Ficam transparentes quando molhados. Estes sacos reduzem a necessidade de lavar os [&hellip;]<\/p>\n","protected":false},"featured_media":7914,"template":"","meta":{"_joinchat":[]},"product_cat":[283,279,288,293,282,286,290,295],"product_tag":[],"class_list":["post-7854","product","type-product","status-publish","has-post-thumbnail","hentry","product_cat-agricultura","product_cat-horeca","product_cat-industria-alimentar","product_cat-recolha-residuos","product_cat-sacos-lixo","product_cat-sacos-lixo-agricultura","product_cat-sacos-lixo-industria-alimentar","product_cat-sacos-lixo-recolha-residuos-organicos","product_marca-vegware","material-mater-bi","certificados-astm-d6400","certificados-bpi-compostable","certificados-contacto-alimentar","certificados-en13432","certificados-fsc","certificados-tuv-austria-ok-compost"],"_links":{"self":[{"href":"https:\/\/www.triecologic.pt\/es\/wp-json\/wp\/v2\/product\/7854","targetHints":{"allow":["GET"]}}],"collection":[{"href":"https:\/\/www.triecologic.pt\/es\/wp-json\/wp\/v2\/product"}],"about":[{"href":"https:\/\/www.triecologic.pt\/es\/wp-json\/wp\/v2\/types\/product"}],"wp:featuredmedia":[{"embeddable":true,"href":"https:\/\/www.triecologic.pt\/es\/wp-json\/wp\/v2\/media\/7914"}],"wp:attachment":[{"href":"https:\/\/www.triecologic.pt\/es\/wp-json\/wp\/v2\/media?parent=7854"}],"wp:term":[{"taxonomy":"product_cat","embeddable":true,"href":"https:\/\/www.triecologic.pt\/es\/wp-json\/wp\/v2\/product_cat?post=7854"},{"taxonomy":"product_tag","embeddable":true,"href":"https:\/\/www.triecologic.pt\/es\/wp-json\/wp\/v2\/product_tag?post=7854"}],"curies":[{"name":"wp","href":"https:\/\/api.w.org\/{rel}","templated":true}]}}