{"id":7503,"date":"2022-05-18T10:11:07","date_gmt":"2022-05-18T10:11:07","guid":{"rendered":"https:\/\/www.triecologic.pt\/produto\/prato-quadrado-em-folha-de-palma-15-cm\/"},"modified":"2023-04-11T22:22:48","modified_gmt":"2023-04-11T22:22:48","slug":"prato-quadrado-em-folha-de-palma-15-cm","status":"publish","type":"product","link":"https:\/\/www.triecologic.pt\/es\/produto\/prato-quadrado-em-folha-de-palma-15-cm\/","title":{"rendered":"Prato folha de palma quadrado 15 cm"},"content":{"rendered":"<p class=\"qtranxs-available-languages-message qtranxs-available-languages-message-es\">Disculpa, pero esta entrada est\u00e1 disponible s\u00f3lo en <a href=\"https:\/\/www.triecologic.pt\/pt\/wp-json\/wp\/v2\/product\/7503\" class=\"qtranxs-available-language-link qtranxs-available-language-link-pt\" title=\"Portugu\u00eas\">Portugu\u00eas<\/a>.<\/p>Prato muito resistente, adequado para uma enorme variedade de alimentos quentes, h\u00famidos e\/ou oleosos. Para alimentos muito l\u00edquidos, aconselhamos uma utiliza\u00e7\u00e3o at\u00e9 3 horas. Pode ser usado no micro-ondas e no frigorifico.","protected":false},"excerpt":{"rendered":"<p>Disculpa, pero esta entrada est\u00e1 disponible s\u00f3lo en Portugu\u00eas.Prato muito resistente, adequado para uma enorme variedade de alimentos quentes, h\u00famidos e\/ou oleosos. Para alimentos muito l\u00edquidos, aconselhamos uma utiliza\u00e7\u00e3o at\u00e9 3 horas. Pode ser usado no micro-ondas e no frigorifico.<\/p>\n","protected":false},"featured_media":9556,"template":"","meta":{"_joinchat":[]},"product_cat":[236,279,239,246,267],"product_tag":[],"class_list":["post-7503","product","type-product","status-publish","has-post-thumbnail","hentry","product_cat-catering","product_cat-horeca","product_cat-linha-fast-street-finger-food","product_cat-linha-pastelaria","product_cat-louca","product_marca-greenbox","material-palma","certificados-contacto-alimentar","certificados-en-12875","certificados-en13432","certificados-fsc"],"_links":{"self":[{"href":"https:\/\/www.triecologic.pt\/es\/wp-json\/wp\/v2\/product\/7503","targetHints":{"allow":["GET"]}}],"collection":[{"href":"https:\/\/www.triecologic.pt\/es\/wp-json\/wp\/v2\/product"}],"about":[{"href":"https:\/\/www.triecologic.pt\/es\/wp-json\/wp\/v2\/types\/product"}],"wp:featuredmedia":[{"embeddable":true,"href":"https:\/\/www.triecologic.pt\/es\/wp-json\/wp\/v2\/media\/9556"}],"wp:attachment":[{"href":"https:\/\/www.triecologic.pt\/es\/wp-json\/wp\/v2\/media?parent=7503"}],"wp:term":[{"taxonomy":"product_cat","embeddable":true,"href":"https:\/\/www.triecologic.pt\/es\/wp-json\/wp\/v2\/product_cat?post=7503"},{"taxonomy":"product_tag","embeddable":true,"href":"https:\/\/www.triecologic.pt\/es\/wp-json\/wp\/v2\/product_tag?post=7503"}],"curies":[{"name":"wp","href":"https:\/\/api.w.org\/{rel}","templated":true}]}}