{"id":7501,"date":"2022-05-18T10:11:07","date_gmt":"2022-05-18T10:11:07","guid":{"rendered":"https:\/\/www.triecologic.pt\/produto\/colher-premium-de-madeira-de-18-cm\/"},"modified":"2023-04-03T14:11:16","modified_gmt":"2023-04-03T14:11:16","slug":"colher-premium-de-madeira-de-18-cm","status":"publish","type":"product","link":"https:\/\/www.triecologic.pt\/es\/produto\/colher-premium-de-madeira-de-18-cm\/","title":{"rendered":"Colher premium de madeira de 18 cm"},"content":{"rendered":"<p class=\"qtranxs-available-languages-message qtranxs-available-languages-message-es\">Disculpa, pero esta entrada est\u00e1 disponible s\u00f3lo en <a href=\"https:\/\/www.triecologic.pt\/pt\/wp-json\/wp\/v2\/product\/7501\" class=\"qtranxs-available-language-link qtranxs-available-language-link-pt\" title=\"Portugu\u00eas\">Portugu\u00eas<\/a>.<\/p>Colher premium de madeira descart\u00e1vel com um bio-revestimento para uma sensa\u00e7\u00e3o confort\u00e1vel na boca. Robustos, estes talheres s\u00e3o um produto natural, biodegrad\u00e1vel e uma alternativa ecol\u00f3gica aos talheres de pl\u00e1stico descart\u00e1veis convencionais. Madeira proveniente de fontes sustent\u00e1veis e certificadas.","protected":false},"excerpt":{"rendered":"<p>Disculpa, pero esta entrada est\u00e1 disponible s\u00f3lo en Portugu\u00eas.Colher premium de madeira descart\u00e1vel com um bio-revestimento para uma sensa\u00e7\u00e3o confort\u00e1vel na boca. Robustos, estes talheres s\u00e3o um produto natural, biodegrad\u00e1vel e uma alternativa ecol\u00f3gica aos talheres de pl\u00e1stico descart\u00e1veis convencionais. Madeira proveniente de fontes sustent\u00e1veis e certificadas.<\/p>\n","protected":false},"featured_media":9554,"template":"","meta":{"_joinchat":[]},"product_cat":[236,235,279,239,240,257,246,262],"product_tag":[],"class_list":["post-7501","product","type-product","status-publish","has-post-thumbnail","hentry","product_cat-catering","product_cat-delivery-e-takeaway","product_cat-horeca","product_cat-linha-fast-street-finger-food","product_cat-linha-geladaria","product_cat-linha-gourmet","product_cat-linha-pastelaria","product_cat-talheres","product_marca-greenbox","material-madeira","certificados-contacto-alimentar","certificados-en-12875","certificados-en13432","certificados-fsc"],"_links":{"self":[{"href":"https:\/\/www.triecologic.pt\/es\/wp-json\/wp\/v2\/product\/7501","targetHints":{"allow":["GET"]}}],"collection":[{"href":"https:\/\/www.triecologic.pt\/es\/wp-json\/wp\/v2\/product"}],"about":[{"href":"https:\/\/www.triecologic.pt\/es\/wp-json\/wp\/v2\/types\/product"}],"wp:featuredmedia":[{"embeddable":true,"href":"https:\/\/www.triecologic.pt\/es\/wp-json\/wp\/v2\/media\/9554"}],"wp:attachment":[{"href":"https:\/\/www.triecologic.pt\/es\/wp-json\/wp\/v2\/media?parent=7501"}],"wp:term":[{"taxonomy":"product_cat","embeddable":true,"href":"https:\/\/www.triecologic.pt\/es\/wp-json\/wp\/v2\/product_cat?post=7501"},{"taxonomy":"product_tag","embeddable":true,"href":"https:\/\/www.triecologic.pt\/es\/wp-json\/wp\/v2\/product_tag?post=7501"}],"curies":[{"name":"wp","href":"https:\/\/api.w.org\/{rel}","templated":true}]}}