{"id":7497,"date":"2022-05-18T10:11:07","date_gmt":"2022-05-18T10:11:07","guid":{"rendered":"https:\/\/www.triecologic.pt\/produto\/saco-papel-kraft-tamanho-l\/"},"modified":"2023-04-07T22:47:00","modified_gmt":"2023-04-07T22:47:00","slug":"saco-papel-kraft-tamanho-l","status":"publish","type":"product","link":"https:\/\/www.triecologic.pt\/es\/produto\/saco-papel-kraft-tamanho-l\/","title":{"rendered":"Saco papel Kraft tamanho L"},"content":{"rendered":"<p class=\"qtranxs-available-languages-message qtranxs-available-languages-message-es\">Disculpa, pero esta entrada est\u00e1 disponible s\u00f3lo en <a href=\"https:\/\/www.triecologic.pt\/pt\/wp-json\/wp\/v2\/product\/7497\" class=\"qtranxs-available-language-link qtranxs-available-language-link-pt\" title=\"Portugu\u00eas\">Portugu\u00eas<\/a>.<\/p>O cl\u00e1ssico saco de compras tipo americano. Este saco aguenta um peso de 1 kg &#8211; 1,5 kg. Por favor, teste a adequa\u00e7\u00e3o em conformidade com o que pretende usar. Teremos o prazer de lhe enviar amostras para testes. Feito em papel kraft reciclado, de origem sustent\u00e1vel.","protected":false},"excerpt":{"rendered":"<p>Disculpa, pero esta entrada est\u00e1 disponible s\u00f3lo en Portugu\u00eas.O cl\u00e1ssico saco de compras tipo americano. Este saco aguenta um peso de 1 kg &#8211; 1,5 kg. Por favor, teste a adequa\u00e7\u00e3o em conformidade com o que pretende usar. Teremos o prazer de lhe enviar amostras para testes. Feito em papel kraft reciclado, de origem sustent\u00e1vel.<\/p>\n","protected":false},"featured_media":9550,"template":"","meta":{"_joinchat":[]},"product_cat":[283,235,279,256,255],"product_tag":[],"class_list":["post-7497","product","type-product","status-publish","has-post-thumbnail","hentry","product_cat-agricultura","product_cat-delivery-e-takeaway","product_cat-horeca","product_cat-sacos","product_cat-sacos-involucros-e-folhas","product_marca-greenbox","material-papel","certificados-contacto-alimentar","certificados-en-12875","certificados-en13432","certificados-fsc"],"_links":{"self":[{"href":"https:\/\/www.triecologic.pt\/es\/wp-json\/wp\/v2\/product\/7497","targetHints":{"allow":["GET"]}}],"collection":[{"href":"https:\/\/www.triecologic.pt\/es\/wp-json\/wp\/v2\/product"}],"about":[{"href":"https:\/\/www.triecologic.pt\/es\/wp-json\/wp\/v2\/types\/product"}],"wp:featuredmedia":[{"embeddable":true,"href":"https:\/\/www.triecologic.pt\/es\/wp-json\/wp\/v2\/media\/9550"}],"wp:attachment":[{"href":"https:\/\/www.triecologic.pt\/es\/wp-json\/wp\/v2\/media?parent=7497"}],"wp:term":[{"taxonomy":"product_cat","embeddable":true,"href":"https:\/\/www.triecologic.pt\/es\/wp-json\/wp\/v2\/product_cat?post=7497"},{"taxonomy":"product_tag","embeddable":true,"href":"https:\/\/www.triecologic.pt\/es\/wp-json\/wp\/v2\/product_tag?post=7497"}],"curies":[{"name":"wp","href":"https:\/\/api.w.org\/{rel}","templated":true}]}}