{"id":7496,"date":"2022-05-18T10:11:07","date_gmt":"2022-05-18T10:11:07","guid":{"rendered":"https:\/\/www.triecologic.pt\/produto\/saco-kraft-com-janela-transparente-pla-115-x-246-mm-com-fecho\/"},"modified":"2023-04-11T19:59:23","modified_gmt":"2023-04-11T19:59:23","slug":"saco-kraft-com-janela-transparente-pla-115-x-246-mm-com-fecho","status":"publish","type":"product","link":"https:\/\/www.triecologic.pt\/es\/produto\/saco-kraft-com-janela-transparente-pla-115-x-246-mm-com-fecho\/","title":{"rendered":"Saco Kraft com janela transparente PLA 115 x 246 mm, com fecho"},"content":{"rendered":"<p class=\"qtranxs-available-languages-message qtranxs-available-languages-message-es\">Disculpa, pero esta entrada est\u00e1 disponible s\u00f3lo en <a href=\"https:\/\/www.triecologic.pt\/pt\/wp-json\/wp\/v2\/product\/7496\" class=\"qtranxs-available-language-link qtranxs-available-language-link-pt\" title=\"Portugu\u00eas\">Portugu\u00eas<\/a>.<\/p>Saco kraft de apresenta\u00e7\u00e3o fant\u00e1stica. Totalmente revestido com uma pelicula de PLA (biopol\u00edmero de origem vegetal) para manter os alimentos frescos por mais tempo. Janela transparente para uma visualiza\u00e7\u00e3o perfeita dos produtos no seu interior. Fecho met\u00e1lico dobr\u00e1vel.<br \/>\nFeito em papel de origem sustent\u00e1vel, com impress\u00e3o \u00ab100% compostable\u00bb em verde e com uma janela em PLA &#8211; biopol\u00edmero anti gordura feito a partir de plantas e n\u00e3o de petr\u00f3leo.","protected":false},"excerpt":{"rendered":"<p>Disculpa, pero esta entrada est\u00e1 disponible s\u00f3lo en Portugu\u00eas.Saco kraft de apresenta\u00e7\u00e3o fant\u00e1stica. Totalmente revestido com uma pelicula de PLA (biopol\u00edmero de origem vegetal) para manter os alimentos frescos por mais tempo. Janela transparente para uma visualiza\u00e7\u00e3o perfeita dos produtos no seu interior. Fecho met\u00e1lico dobr\u00e1vel. Feito em papel de origem sustent\u00e1vel, com impress\u00e3o \u00ab100% [&hellip;]<\/p>\n","protected":false},"featured_media":9549,"template":"","meta":{"_joinchat":[]},"product_cat":[283,279,246,256,255,245],"product_tag":[],"class_list":["post-7496","product","type-product","status-publish","has-post-thumbnail","hentry","product_cat-agricultura","product_cat-horeca","product_cat-linha-pastelaria","product_cat-sacos","product_cat-sacos-involucros-e-folhas","product_cat-warps-e-sanduiches","product_marca-greenbox","material-papel","certificados-contacto-alimentar","certificados-en-12875","certificados-en13432","certificados-fsc"],"_links":{"self":[{"href":"https:\/\/www.triecologic.pt\/es\/wp-json\/wp\/v2\/product\/7496","targetHints":{"allow":["GET"]}}],"collection":[{"href":"https:\/\/www.triecologic.pt\/es\/wp-json\/wp\/v2\/product"}],"about":[{"href":"https:\/\/www.triecologic.pt\/es\/wp-json\/wp\/v2\/types\/product"}],"wp:featuredmedia":[{"embeddable":true,"href":"https:\/\/www.triecologic.pt\/es\/wp-json\/wp\/v2\/media\/9549"}],"wp:attachment":[{"href":"https:\/\/www.triecologic.pt\/es\/wp-json\/wp\/v2\/media?parent=7496"}],"wp:term":[{"taxonomy":"product_cat","embeddable":true,"href":"https:\/\/www.triecologic.pt\/es\/wp-json\/wp\/v2\/product_cat?post=7496"},{"taxonomy":"product_tag","embeddable":true,"href":"https:\/\/www.triecologic.pt\/es\/wp-json\/wp\/v2\/product_tag?post=7496"}],"curies":[{"name":"wp","href":"https:\/\/api.w.org\/{rel}","templated":true}]}}