{"id":7492,"date":"2022-05-18T10:11:07","date_gmt":"2022-05-18T10:11:07","guid":{"rendered":"https:\/\/www.triecologic.pt\/produto\/tabuleiro-porta-copos\/"},"modified":"2023-04-11T17:19:58","modified_gmt":"2023-04-11T17:19:58","slug":"tabuleiro-porta-copos","status":"publish","type":"product","link":"https:\/\/www.triecologic.pt\/es\/produto\/tabuleiro-porta-copos\/","title":{"rendered":"Tabuleiro porta-copos"},"content":{"rendered":"<p class=\"qtranxs-available-languages-message qtranxs-available-languages-message-es\">Disculpa, pero esta entrada est\u00e1 disponible s\u00f3lo en <a href=\"https:\/\/www.triecologic.pt\/pt\/wp-json\/wp\/v2\/product\/7492\" class=\"qtranxs-available-language-link qtranxs-available-language-link-pt\" title=\"Portugu\u00eas\">Portugu\u00eas<\/a>.<\/p>Dois de uma vez &#8211; economiza uma viagem extra com estes tabuleiros porta-copos de papel\u00e3o. Transporta at\u00e9 dois copos de PLA ou copos de papel com seguran\u00e7a. O cart\u00e3o \u00e9 feito de papel 100% reciclado e \u00e9 totalmente biodegrad\u00e1vel.","protected":false},"excerpt":{"rendered":"<p>Disculpa, pero esta entrada est\u00e1 disponible s\u00f3lo en Portugu\u00eas.Dois de uma vez &#8211; economiza uma viagem extra com estes tabuleiros porta-copos de papel\u00e3o. Transporta at\u00e9 dois copos de PLA ou copos de papel com seguran\u00e7a. O cart\u00e3o \u00e9 feito de papel 100% reciclado e \u00e9 totalmente biodegrad\u00e1vel.<\/p>\n","protected":false},"featured_media":9545,"template":"","meta":{"_joinchat":[]},"product_cat":[249,235,279,239,246],"product_tag":[],"class_list":["post-7492","product","type-product","status-publish","has-post-thumbnail","hentry","product_cat-copos-papel","product_cat-delivery-e-takeaway","product_cat-horeca","product_cat-linha-fast-street-finger-food","product_cat-linha-pastelaria","product_marca-greenbox","material-cartao","certificados-contacto-alimentar","certificados-en-12875","certificados-en13432","certificados-fsc"],"_links":{"self":[{"href":"https:\/\/www.triecologic.pt\/es\/wp-json\/wp\/v2\/product\/7492","targetHints":{"allow":["GET"]}}],"collection":[{"href":"https:\/\/www.triecologic.pt\/es\/wp-json\/wp\/v2\/product"}],"about":[{"href":"https:\/\/www.triecologic.pt\/es\/wp-json\/wp\/v2\/types\/product"}],"wp:featuredmedia":[{"embeddable":true,"href":"https:\/\/www.triecologic.pt\/es\/wp-json\/wp\/v2\/media\/9545"}],"wp:attachment":[{"href":"https:\/\/www.triecologic.pt\/es\/wp-json\/wp\/v2\/media?parent=7492"}],"wp:term":[{"taxonomy":"product_cat","embeddable":true,"href":"https:\/\/www.triecologic.pt\/es\/wp-json\/wp\/v2\/product_cat?post=7492"},{"taxonomy":"product_tag","embeddable":true,"href":"https:\/\/www.triecologic.pt\/es\/wp-json\/wp\/v2\/product_tag?post=7492"}],"curies":[{"name":"wp","href":"https:\/\/api.w.org\/{rel}","templated":true}]}}