{"id":7487,"date":"2022-05-18T10:11:06","date_gmt":"2022-05-18T10:11:06","guid":{"rendered":"https:\/\/www.triecologic.pt\/produto\/caixa-cartao-kraft-hamburguer-xl\/"},"modified":"2023-04-03T11:23:33","modified_gmt":"2023-04-03T11:23:33","slug":"caixa-cartao-kraft-hamburguer-xl","status":"publish","type":"product","link":"https:\/\/www.triecologic.pt\/es\/produto\/caixa-cartao-kraft-hamburguer-xl\/","title":{"rendered":"Caixa Kraft hamb\u00farguer XL"},"content":{"rendered":"<p class=\"qtranxs-available-languages-message qtranxs-available-languages-message-es\">Disculpa, pero esta entrada est\u00e1 disponible s\u00f3lo en <a href=\"https:\/\/www.triecologic.pt\/pt\/wp-json\/wp\/v2\/product\/7487\" class=\"qtranxs-available-language-link qtranxs-available-language-link-pt\" title=\"Portugu\u00eas\">Portugu\u00eas<\/a>.<\/p>Esta robusta caixa \u00e9 adequada para hamb\u00fargueres extra grandes. Os hamb\u00fargueres XL podem ser retirados facilmente porque a caixa pode ser totalmente desdobrada. A tampa \u00e9 perme\u00e1vel e orif\u00edcios na tampa garantem o escape do vapor quente. A caixa \u00e9 entregue plana e deve ser dobrada antes do uso.<br \/>\nFeito em Cart\u00e3o KRAFT proveniente de fontes sustent\u00e1veis.","protected":false},"excerpt":{"rendered":"<p>Disculpa, pero esta entrada est\u00e1 disponible s\u00f3lo en Portugu\u00eas.Esta robusta caixa \u00e9 adequada para hamb\u00fargueres extra grandes. Os hamb\u00fargueres XL podem ser retirados facilmente porque a caixa pode ser totalmente desdobrada. A tampa \u00e9 perme\u00e1vel e orif\u00edcios na tampa garantem o escape do vapor quente. A caixa \u00e9 entregue plana e deve ser dobrada antes [&hellip;]<\/p>\n","protected":false},"featured_media":9540,"template":"","meta":{"_joinchat":[]},"product_cat":[242,235,279,239,245,331],"product_tag":[],"class_list":["post-7487","product","type-product","status-publish","has-post-thumbnail","hentry","product_cat-caixas-refeicao","product_cat-delivery-e-takeaway","product_cat-horeca","product_cat-linha-fast-street-finger-food","product_cat-warps-e-sanduiches","product_cat-produtos-zero","product_marca-greenbox","material-cartao","certificados-contacto-alimentar","certificados-en-12875","certificados-en13432","certificados-fsc"],"_links":{"self":[{"href":"https:\/\/www.triecologic.pt\/es\/wp-json\/wp\/v2\/product\/7487","targetHints":{"allow":["GET"]}}],"collection":[{"href":"https:\/\/www.triecologic.pt\/es\/wp-json\/wp\/v2\/product"}],"about":[{"href":"https:\/\/www.triecologic.pt\/es\/wp-json\/wp\/v2\/types\/product"}],"wp:featuredmedia":[{"embeddable":true,"href":"https:\/\/www.triecologic.pt\/es\/wp-json\/wp\/v2\/media\/9540"}],"wp:attachment":[{"href":"https:\/\/www.triecologic.pt\/es\/wp-json\/wp\/v2\/media?parent=7487"}],"wp:term":[{"taxonomy":"product_cat","embeddable":true,"href":"https:\/\/www.triecologic.pt\/es\/wp-json\/wp\/v2\/product_cat?post=7487"},{"taxonomy":"product_tag","embeddable":true,"href":"https:\/\/www.triecologic.pt\/es\/wp-json\/wp\/v2\/product_tag?post=7487"}],"curies":[{"name":"wp","href":"https:\/\/api.w.org\/{rel}","templated":true}]}}