{"id":7483,"date":"2022-05-18T10:11:06","date_gmt":"2022-05-18T10:11:06","guid":{"rendered":"https:\/\/www.triecologic.pt\/produto\/caixa-retangular-branca-com-2-compartimentos-2\/"},"modified":"2023-04-03T11:14:13","modified_gmt":"2023-04-03T11:14:13","slug":"caixa-retangular-branca-com-2-compartimentos-2","status":"publish","type":"product","link":"https:\/\/www.triecologic.pt\/es\/produto\/caixa-retangular-branca-com-2-compartimentos-2\/","title":{"rendered":"Caixa branca retangular com 2 divis\u00f3rias"},"content":{"rendered":"<p class=\"qtranxs-available-languages-message qtranxs-available-languages-message-es\">Disculpa, pero esta entrada est\u00e1 disponible s\u00f3lo en <a href=\"https:\/\/www.triecologic.pt\/pt\/wp-json\/wp\/v2\/product\/7483\" class=\"qtranxs-available-language-link qtranxs-available-language-link-pt\" title=\"Portugu\u00eas\">Portugu\u00eas<\/a>.<\/p>Caixa em formato concha com 2 compartimentos, feita a partir de fibras recicladas de cana-de-a\u00e7\u00facar. Este material natural tem excelentes propriedades t\u00e9rmicas e n\u00e3o faz condensa\u00e7\u00e3o como o pl\u00e1stico convencional, o que mant\u00e9m o alimento quente e crocante. Substituto do pl\u00e1stico, do esferovite e do alum\u00ednio.","protected":false},"excerpt":{"rendered":"<p>Disculpa, pero esta entrada est\u00e1 disponible s\u00f3lo en Portugu\u00eas.Caixa em formato concha com 2 compartimentos, feita a partir de fibras recicladas de cana-de-a\u00e7\u00facar. Este material natural tem excelentes propriedades t\u00e9rmicas e n\u00e3o faz condensa\u00e7\u00e3o como o pl\u00e1stico convencional, o que mant\u00e9m o alimento quente e crocante. Substituto do pl\u00e1stico, do esferovite e do alum\u00ednio.<\/p>\n","protected":false},"featured_media":9536,"template":"","meta":{"_joinchat":[]},"product_cat":[242,235,279,239,237,331],"product_tag":[],"class_list":["post-7483","product","type-product","status-publish","has-post-thumbnail","hentry","product_cat-caixas-refeicao","product_cat-delivery-e-takeaway","product_cat-horeca","product_cat-linha-fast-street-finger-food","product_cat-saladas","product_cat-produtos-zero","product_marca-greenbox","material-cana-de-acucar","certificados-contacto-alimentar","certificados-en-12875","certificados-en13432","certificados-fsc"],"_links":{"self":[{"href":"https:\/\/www.triecologic.pt\/es\/wp-json\/wp\/v2\/product\/7483","targetHints":{"allow":["GET"]}}],"collection":[{"href":"https:\/\/www.triecologic.pt\/es\/wp-json\/wp\/v2\/product"}],"about":[{"href":"https:\/\/www.triecologic.pt\/es\/wp-json\/wp\/v2\/types\/product"}],"wp:featuredmedia":[{"embeddable":true,"href":"https:\/\/www.triecologic.pt\/es\/wp-json\/wp\/v2\/media\/9536"}],"wp:attachment":[{"href":"https:\/\/www.triecologic.pt\/es\/wp-json\/wp\/v2\/media?parent=7483"}],"wp:term":[{"taxonomy":"product_cat","embeddable":true,"href":"https:\/\/www.triecologic.pt\/es\/wp-json\/wp\/v2\/product_cat?post=7483"},{"taxonomy":"product_tag","embeddable":true,"href":"https:\/\/www.triecologic.pt\/es\/wp-json\/wp\/v2\/product_tag?post=7483"}],"curies":[{"name":"wp","href":"https:\/\/api.w.org\/{rel}","templated":true}]}}