{"id":7478,"date":"2022-05-18T10:11:06","date_gmt":"2022-05-18T10:11:06","guid":{"rendered":"https:\/\/www.triecologic.pt\/produto\/kit-guardanapo-e-talheres-reutilizaveis-cpla-branco-4-pecas\/"},"modified":"2023-04-03T17:41:47","modified_gmt":"2023-04-03T17:41:47","slug":"kit-guardanapo-e-talheres-reutilizaveis-cpla-branco-4-pecas","status":"publish","type":"product","link":"https:\/\/www.triecologic.pt\/es\/produto\/kit-guardanapo-e-talheres-reutilizaveis-cpla-branco-4-pecas\/","title":{"rendered":"Kit guardanapo e talheres reutiliz\u00e1veis CPLA branco &#8211; 4 pe\u00e7as"},"content":{"rendered":"<p class=\"qtranxs-available-languages-message qtranxs-available-languages-message-es\">Disculpa, pero esta entrada est\u00e1 disponible s\u00f3lo en <a href=\"https:\/\/www.triecologic.pt\/pt\/wp-json\/wp\/v2\/product\/7478\" class=\"qtranxs-available-language-link qtranxs-available-language-link-pt\" title=\"Portugu\u00eas\">Portugu\u00eas<\/a>.<\/p>Kit com faca, garfo, colher de caf\u00e9 e guardanapo embrulhados em papel. REUTILIZ\u00c1VEL Poss\u00edvel lavar na m\u00e1quina. Feito em CPLA \u2013 PLA cristalizado pr\u00f3prio para temperaturas quentes (biopolimero feito \u00e0 base de plantas e n\u00e3o do petr\u00f3leo).","protected":false},"excerpt":{"rendered":"<p>Disculpa, pero esta entrada est\u00e1 disponible s\u00f3lo en Portugu\u00eas.Kit com faca, garfo, colher de caf\u00e9 e guardanapo embrulhados em papel. REUTILIZ\u00c1VEL Poss\u00edvel lavar na m\u00e1quina. Feito em CPLA \u2013 PLA cristalizado pr\u00f3prio para temperaturas quentes (biopolimero feito \u00e0 base de plantas e n\u00e3o do petr\u00f3leo).<\/p>\n","protected":false},"featured_media":9658,"template":"","meta":{"_joinchat":[]},"product_cat":[236,235,279,239,270,262],"product_tag":[],"class_list":["post-7478","product","type-product","status-publish","has-post-thumbnail","hentry","product_cat-catering","product_cat-delivery-e-takeaway","product_cat-horeca","product_cat-linha-fast-street-finger-food","product_cat-reutilizavies","product_cat-talheres","product_marca-naturesse","material-cpla","certificados-contacto-alimentar","certificados-en-12875","certificados-en13432","certificados-fsc"],"_links":{"self":[{"href":"https:\/\/www.triecologic.pt\/es\/wp-json\/wp\/v2\/product\/7478","targetHints":{"allow":["GET"]}}],"collection":[{"href":"https:\/\/www.triecologic.pt\/es\/wp-json\/wp\/v2\/product"}],"about":[{"href":"https:\/\/www.triecologic.pt\/es\/wp-json\/wp\/v2\/types\/product"}],"wp:featuredmedia":[{"embeddable":true,"href":"https:\/\/www.triecologic.pt\/es\/wp-json\/wp\/v2\/media\/9658"}],"wp:attachment":[{"href":"https:\/\/www.triecologic.pt\/es\/wp-json\/wp\/v2\/media?parent=7478"}],"wp:term":[{"taxonomy":"product_cat","embeddable":true,"href":"https:\/\/www.triecologic.pt\/es\/wp-json\/wp\/v2\/product_cat?post=7478"},{"taxonomy":"product_tag","embeddable":true,"href":"https:\/\/www.triecologic.pt\/es\/wp-json\/wp\/v2\/product_tag?post=7478"}],"curies":[{"name":"wp","href":"https:\/\/api.w.org\/{rel}","templated":true}]}}