{"id":7476,"date":"2022-05-18T10:11:06","date_gmt":"2022-05-18T10:11:06","guid":{"rendered":"https:\/\/www.triecologic.pt\/produto\/caixa-cartao-kraft-com-janela-tamanho-460\/"},"modified":"2023-04-11T22:13:49","modified_gmt":"2023-04-11T22:13:49","slug":"caixa-cartao-kraft-com-janela-tamanho-460","status":"publish","type":"product","link":"https:\/\/www.triecologic.pt\/es\/produto\/caixa-cartao-kraft-com-janela-tamanho-460\/","title":{"rendered":"Caixa cart\u00e3o Kraft com janela &#8211; tamanho 460"},"content":{"rendered":"<p class=\"qtranxs-available-languages-message qtranxs-available-languages-message-es\">Disculpa, pero esta entrada est\u00e1 disponible s\u00f3lo en <a href=\"https:\/\/www.triecologic.pt\/pt\/wp-json\/wp\/v2\/product\/7476\" class=\"qtranxs-available-language-link qtranxs-available-language-link-pt\" title=\"Portugu\u00eas\">Portugu\u00eas<\/a>.<\/p>Caixa com um tamanho ideal para transporte de alimentos. Com uma janela em PLA que permite uma \u00f3ptima visibilidade e apresenta\u00e7\u00e3o para alimentos, cabazes, brunches, sandes, etc. Feita em cart\u00e3o de origem sustent\u00e1vel, com uma janela panor\u00e2mica em PLA &#8211; biopol\u00edmero feito \u00e0 base de plantas e n\u00e3o do petr\u00f3leo.","protected":false},"excerpt":{"rendered":"<p>Disculpa, pero esta entrada est\u00e1 disponible s\u00f3lo en Portugu\u00eas.Caixa com um tamanho ideal para transporte de alimentos. Com uma janela em PLA que permite uma \u00f3ptima visibilidade e apresenta\u00e7\u00e3o para alimentos, cabazes, brunches, sandes, etc. Feita em cart\u00e3o de origem sustent\u00e1vel, com uma janela panor\u00e2mica em PLA &#8211; biopol\u00edmero feito \u00e0 base de plantas e [&hellip;]<\/p>\n","protected":false},"featured_media":9656,"template":"","meta":{"_joinchat":[]},"product_cat":[283,260,241,236,235,279,257,246,238],"product_tag":[],"class_list":["post-7476","product","type-product","status-publish","has-post-thumbnail","hentry","product_cat-agricultura","product_cat-caixas-e-sacos-transporte","product_cat-caixas-papel","product_cat-catering","product_cat-delivery-e-takeaway","product_cat-horeca","product_cat-linha-gourmet","product_cat-linha-pastelaria","product_cat-linha-sushi","product_marca-naturesse","material-cartao","certificados-contacto-alimentar","certificados-en-12875","certificados-en13432","certificados-fsc"],"_links":{"self":[{"href":"https:\/\/www.triecologic.pt\/es\/wp-json\/wp\/v2\/product\/7476","targetHints":{"allow":["GET"]}}],"collection":[{"href":"https:\/\/www.triecologic.pt\/es\/wp-json\/wp\/v2\/product"}],"about":[{"href":"https:\/\/www.triecologic.pt\/es\/wp-json\/wp\/v2\/types\/product"}],"wp:featuredmedia":[{"embeddable":true,"href":"https:\/\/www.triecologic.pt\/es\/wp-json\/wp\/v2\/media\/9656"}],"wp:attachment":[{"href":"https:\/\/www.triecologic.pt\/es\/wp-json\/wp\/v2\/media?parent=7476"}],"wp:term":[{"taxonomy":"product_cat","embeddable":true,"href":"https:\/\/www.triecologic.pt\/es\/wp-json\/wp\/v2\/product_cat?post=7476"},{"taxonomy":"product_tag","embeddable":true,"href":"https:\/\/www.triecologic.pt\/es\/wp-json\/wp\/v2\/product_tag?post=7476"}],"curies":[{"name":"wp","href":"https:\/\/api.w.org\/{rel}","templated":true}]}}