{"id":7475,"date":"2022-05-18T10:11:06","date_gmt":"2022-05-18T10:11:06","guid":{"rendered":"https:\/\/www.triecologic.pt\/produto\/tampa-cru-redonda-com-abas-de-fecho-isolante-210-mm\/"},"modified":"2023-04-11T21:45:31","modified_gmt":"2023-04-11T21:45:31","slug":"tampa-cru-redonda-com-abas-de-fecho-isolante-210-mm","status":"publish","type":"product","link":"https:\/\/www.triecologic.pt\/es\/produto\/tampa-cru-redonda-com-abas-de-fecho-isolante-210-mm\/","title":{"rendered":"Tampa redonda creme com abas de fecho isolante"},"content":{"rendered":"<p class=\"qtranxs-available-languages-message qtranxs-available-languages-message-es\">Disculpa, pero esta entrada est\u00e1 disponible s\u00f3lo en <a href=\"https:\/\/www.triecologic.pt\/pt\/wp-json\/wp\/v2\/product\/7475\" class=\"qtranxs-available-language-link qtranxs-available-language-link-pt\" title=\"Portugu\u00eas\">Portugu\u00eas<\/a>.<\/p>Tampa redonda com abas para um perfeito isolamento e anti-derrame. Encaixa nas tijelas 14970 e 14971. Cor: cru\/bege. Fibras recicladas de cana-de-a\u00e7\u00facar.","protected":false},"excerpt":{"rendered":"<p>Disculpa, pero esta entrada est\u00e1 disponible s\u00f3lo en Portugu\u00eas.Tampa redonda com abas para um perfeito isolamento e anti-derrame. Encaixa nas tijelas 14970 e 14971. Cor: cru\/bege. Fibras recicladas de cana-de-a\u00e7\u00facar.<\/p>\n","protected":false},"featured_media":9654,"template":"","meta":{"_joinchat":[]},"product_cat":[259,242,235,279,257,237,234,331],"product_tag":[],"class_list":["post-7475","product","type-product","status-publish","has-post-thumbnail","hentry","product_cat-bowls","product_cat-caixas-refeicao","product_cat-delivery-e-takeaway","product_cat-horeca","product_cat-linha-gourmet","product_cat-saladas","product_cat-sopas-e-sobremesas","product_cat-produtos-zero","product_marca-naturesse","material-cana-de-acucar","certificados-contacto-alimentar","certificados-en-12875","certificados-en13432","certificados-fsc"],"_links":{"self":[{"href":"https:\/\/www.triecologic.pt\/es\/wp-json\/wp\/v2\/product\/7475","targetHints":{"allow":["GET"]}}],"collection":[{"href":"https:\/\/www.triecologic.pt\/es\/wp-json\/wp\/v2\/product"}],"about":[{"href":"https:\/\/www.triecologic.pt\/es\/wp-json\/wp\/v2\/types\/product"}],"wp:featuredmedia":[{"embeddable":true,"href":"https:\/\/www.triecologic.pt\/es\/wp-json\/wp\/v2\/media\/9654"}],"wp:attachment":[{"href":"https:\/\/www.triecologic.pt\/es\/wp-json\/wp\/v2\/media?parent=7475"}],"wp:term":[{"taxonomy":"product_cat","embeddable":true,"href":"https:\/\/www.triecologic.pt\/es\/wp-json\/wp\/v2\/product_cat?post=7475"},{"taxonomy":"product_tag","embeddable":true,"href":"https:\/\/www.triecologic.pt\/es\/wp-json\/wp\/v2\/product_tag?post=7475"}],"curies":[{"name":"wp","href":"https:\/\/api.w.org\/{rel}","templated":true}]}}