{"id":7466,"date":"2022-05-18T10:11:05","date_gmt":"2022-05-18T10:11:05","guid":{"rendered":"https:\/\/www.triecologic.pt\/produto\/base-retangular-cru-de-850-ml\/"},"modified":"2023-04-03T11:31:07","modified_gmt":"2023-04-03T11:31:07","slug":"base-retangular-cru-de-850-ml","status":"publish","type":"product","link":"https:\/\/www.triecologic.pt\/es\/produto\/base-retangular-cru-de-850-ml\/","title":{"rendered":"Tabuleiro\/Base de caixa retangular creme 850 ml"},"content":{"rendered":"<p class=\"qtranxs-available-languages-message qtranxs-available-languages-message-es\">Disculpa, pero esta entrada est\u00e1 disponible s\u00f3lo en <a href=\"https:\/\/www.triecologic.pt\/pt\/wp-json\/wp\/v2\/product\/7466\" class=\"qtranxs-available-language-link qtranxs-available-language-link-pt\" title=\"Portugu\u00eas\">Portugu\u00eas<\/a>.<\/p>Base para alimentos quentes e frios, com ou sem molho. Robusto e elegante permite um empilhamento eficiente. Fecha com as tampas 12012 e 12403. Feito em fibras recicladas de cana-de-a\u00e7ucar.","protected":false},"excerpt":{"rendered":"<p>Disculpa, pero esta entrada est\u00e1 disponible s\u00f3lo en Portugu\u00eas.Base para alimentos quentes e frios, com ou sem molho. Robusto e elegante permite um empilhamento eficiente. Fecha com as tampas 12012 e 12403. Feito em fibras recicladas de cana-de-a\u00e7ucar.<\/p>\n","protected":false},"featured_media":9645,"template":"","meta":{"_joinchat":[]},"product_cat":[242,235,279,239,257,238,237,331],"product_tag":[],"class_list":["post-7466","product","type-product","status-publish","has-post-thumbnail","hentry","product_cat-caixas-refeicao","product_cat-delivery-e-takeaway","product_cat-horeca","product_cat-linha-fast-street-finger-food","product_cat-linha-gourmet","product_cat-linha-sushi","product_cat-saladas","product_cat-produtos-zero","product_marca-naturesse","material-cana-de-acucar","certificados-contacto-alimentar","certificados-en-12875","certificados-en13432","certificados-fsc"],"_links":{"self":[{"href":"https:\/\/www.triecologic.pt\/es\/wp-json\/wp\/v2\/product\/7466","targetHints":{"allow":["GET"]}}],"collection":[{"href":"https:\/\/www.triecologic.pt\/es\/wp-json\/wp\/v2\/product"}],"about":[{"href":"https:\/\/www.triecologic.pt\/es\/wp-json\/wp\/v2\/types\/product"}],"wp:featuredmedia":[{"embeddable":true,"href":"https:\/\/www.triecologic.pt\/es\/wp-json\/wp\/v2\/media\/9645"}],"wp:attachment":[{"href":"https:\/\/www.triecologic.pt\/es\/wp-json\/wp\/v2\/media?parent=7466"}],"wp:term":[{"taxonomy":"product_cat","embeddable":true,"href":"https:\/\/www.triecologic.pt\/es\/wp-json\/wp\/v2\/product_cat?post=7466"},{"taxonomy":"product_tag","embeddable":true,"href":"https:\/\/www.triecologic.pt\/es\/wp-json\/wp\/v2\/product_tag?post=7466"}],"curies":[{"name":"wp","href":"https:\/\/api.w.org\/{rel}","templated":true}]}}