{"id":7463,"date":"2022-05-18T10:11:05","date_gmt":"2022-05-18T10:11:05","guid":{"rendered":"https:\/\/www.triecologic.pt\/produto\/saco-kraft-em-papel-com-revestimento-total-e-janela-natureflex-150-x-80-x-230-mm\/"},"modified":"2023-04-07T22:45:21","modified_gmt":"2023-04-07T22:45:21","slug":"saco-kraft-em-papel-com-revestimento-total-e-janela-natureflex-150-x-80-x-230-mm","status":"publish","type":"product","link":"https:\/\/www.triecologic.pt\/es\/produto\/saco-kraft-em-papel-com-revestimento-total-e-janela-natureflex-150-x-80-x-230-mm\/","title":{"rendered":"Saco Kraft em papel com revestimento total e janela NatureFlex 150 x 80 x 230 mm"},"content":{"rendered":"<p class=\"qtranxs-available-languages-message qtranxs-available-languages-message-es\">Disculpa, pero esta entrada est\u00e1 disponible s\u00f3lo en <a href=\"https:\/\/www.triecologic.pt\/pt\/wp-json\/wp\/v2\/product\/7463\" class=\"qtranxs-available-language-link qtranxs-available-language-link-pt\" title=\"Portugu\u00eas\">Portugu\u00eas<\/a>.<\/p>Saco Kraft em papel totalmente revestido com uma pelicula anti-gordura NATURFLEX (de origem vegetal) para manter os alimentos frescos por mais tempo. A grande janela transparente permite uma visualiza\u00e7\u00e3o perfeita dos alimentos no seu interior. Ideal para sandu\u00edches, biscoitos, ou at\u00e9 mesmo, para ch\u00e1s de folhas soltas, gr\u00e3os de caf\u00e9 ou outros gr\u00e3os. Permite termoselagem ou pode fechar apenas com a utiliza\u00e7\u00e3o de um eco-autocolante. Papel de origem sustent\u00e1vel, com revestimento e janela transparente em Natureflex &#8211; Pelicula transparente anti-gordura feita a partir de polpa de madeira.","protected":false},"excerpt":{"rendered":"<p>Disculpa, pero esta entrada est\u00e1 disponible s\u00f3lo en Portugu\u00eas.Saco Kraft em papel totalmente revestido com uma pelicula anti-gordura NATURFLEX (de origem vegetal) para manter os alimentos frescos por mais tempo. A grande janela transparente permite uma visualiza\u00e7\u00e3o perfeita dos alimentos no seu interior. Ideal para sandu\u00edches, biscoitos, ou at\u00e9 mesmo, para ch\u00e1s de folhas soltas, [&hellip;]<\/p>\n","protected":false},"featured_media":9531,"template":"","meta":{"_joinchat":[]},"product_cat":[283,235,279,239,246,256,255,245],"product_tag":[],"class_list":["post-7463","product","type-product","status-publish","has-post-thumbnail","hentry","product_cat-agricultura","product_cat-delivery-e-takeaway","product_cat-horeca","product_cat-linha-fast-street-finger-food","product_cat-linha-pastelaria","product_cat-sacos","product_cat-sacos-involucros-e-folhas","product_cat-warps-e-sanduiches","product_marca-vegware","material-papel","certificados-astm-d6400","certificados-bpi-compostable","certificados-contacto-alimentar","certificados-en13432","certificados-fsc","certificados-tuv-austria-ok-compost"],"_links":{"self":[{"href":"https:\/\/www.triecologic.pt\/es\/wp-json\/wp\/v2\/product\/7463","targetHints":{"allow":["GET"]}}],"collection":[{"href":"https:\/\/www.triecologic.pt\/es\/wp-json\/wp\/v2\/product"}],"about":[{"href":"https:\/\/www.triecologic.pt\/es\/wp-json\/wp\/v2\/types\/product"}],"wp:featuredmedia":[{"embeddable":true,"href":"https:\/\/www.triecologic.pt\/es\/wp-json\/wp\/v2\/media\/9531"}],"wp:attachment":[{"href":"https:\/\/www.triecologic.pt\/es\/wp-json\/wp\/v2\/media?parent=7463"}],"wp:term":[{"taxonomy":"product_cat","embeddable":true,"href":"https:\/\/www.triecologic.pt\/es\/wp-json\/wp\/v2\/product_cat?post=7463"},{"taxonomy":"product_tag","embeddable":true,"href":"https:\/\/www.triecologic.pt\/es\/wp-json\/wp\/v2\/product_tag?post=7463"}],"curies":[{"name":"wp","href":"https:\/\/api.w.org\/{rel}","templated":true}]}}