{"id":7462,"date":"2022-05-18T10:11:05","date_gmt":"2022-05-18T10:11:05","guid":{"rendered":"https:\/\/www.triecologic.pt\/produto\/prato-branco-redondo-de-18-cm\/"},"modified":"2023-04-11T22:23:26","modified_gmt":"2023-04-11T22:23:26","slug":"prato-branco-redondo-de-18-cm","status":"publish","type":"product","link":"https:\/\/www.triecologic.pt\/es\/produto\/prato-branco-redondo-de-18-cm\/","title":{"rendered":"Prato branco redondo 18 cm"},"content":{"rendered":"<p class=\"qtranxs-available-languages-message qtranxs-available-languages-message-es\">Disculpa, pero esta entrada est\u00e1 disponible s\u00f3lo en <a href=\"https:\/\/www.triecologic.pt\/pt\/wp-json\/wp\/v2\/product\/7462\" class=\"qtranxs-available-language-link qtranxs-available-language-link-pt\" title=\"Portugu\u00eas\">Portugu\u00eas<\/a>.<\/p>Prato com o tamanho ideal para uma entrada ou uma sobremesa. Robusto, elegante e bom para alimentos quentes ou frios. Muito mais resistente do que os pratos de papel. A solu\u00e7\u00e3o ecol\u00f3gicas que substitui os pratos de pl\u00e1sticos convencionais. Fibras recicladas de cana-de-a\u00e7ucar.","protected":false},"excerpt":{"rendered":"<p>Disculpa, pero esta entrada est\u00e1 disponible s\u00f3lo en Portugu\u00eas.Prato com o tamanho ideal para uma entrada ou uma sobremesa. Robusto, elegante e bom para alimentos quentes ou frios. Muito mais resistente do que os pratos de papel. A solu\u00e7\u00e3o ecol\u00f3gicas que substitui os pratos de pl\u00e1sticos convencionais. Fibras recicladas de cana-de-a\u00e7ucar.<\/p>\n","protected":false},"featured_media":9530,"template":"","meta":{"_joinchat":[]},"product_cat":[236,279,239,246,267],"product_tag":[],"class_list":["post-7462","product","type-product","status-publish","has-post-thumbnail","hentry","product_cat-catering","product_cat-horeca","product_cat-linha-fast-street-finger-food","product_cat-linha-pastelaria","product_cat-louca","product_marca-vegware","material-cana-de-acucar","certificados-astm-d6400","certificados-bpi-compostable","certificados-contacto-alimentar","certificados-en13432","certificados-fsc","certificados-tuv-austria-ok-compost"],"_links":{"self":[{"href":"https:\/\/www.triecologic.pt\/es\/wp-json\/wp\/v2\/product\/7462","targetHints":{"allow":["GET"]}}],"collection":[{"href":"https:\/\/www.triecologic.pt\/es\/wp-json\/wp\/v2\/product"}],"about":[{"href":"https:\/\/www.triecologic.pt\/es\/wp-json\/wp\/v2\/types\/product"}],"wp:featuredmedia":[{"embeddable":true,"href":"https:\/\/www.triecologic.pt\/es\/wp-json\/wp\/v2\/media\/9530"}],"wp:attachment":[{"href":"https:\/\/www.triecologic.pt\/es\/wp-json\/wp\/v2\/media?parent=7462"}],"wp:term":[{"taxonomy":"product_cat","embeddable":true,"href":"https:\/\/www.triecologic.pt\/es\/wp-json\/wp\/v2\/product_cat?post=7462"},{"taxonomy":"product_tag","embeddable":true,"href":"https:\/\/www.triecologic.pt\/es\/wp-json\/wp\/v2\/product_tag?post=7462"}],"curies":[{"name":"wp","href":"https:\/\/api.w.org\/{rel}","templated":true}]}}