{"id":7459,"date":"2022-05-18T10:11:05","date_gmt":"2022-05-18T10:11:05","guid":{"rendered":"https:\/\/www.triecologic.pt\/produto\/caixa-retangular-cartao-kraft-microcanelado-160x110-mm\/"},"modified":"2023-01-21T17:23:17","modified_gmt":"2023-01-21T17:23:17","slug":"caixa-retangular-cartao-kraft-microcanelado-160x110-mm","status":"publish","type":"product","link":"https:\/\/www.triecologic.pt\/es\/produto\/caixa-retangular-cartao-kraft-microcanelado-160x110-mm\/","title":{"rendered":"Caixa retangular cart\u00e3o kraft microcanelado 160&#215;110 mm"},"content":{"rendered":"<p class=\"qtranxs-available-languages-message qtranxs-available-languages-message-es\">Disculpa, pero esta entrada est\u00e1 disponible s\u00f3lo en <a href=\"https:\/\/www.triecologic.pt\/pt\/wp-json\/wp\/v2\/product\/7459\" class=\"qtranxs-available-language-link qtranxs-available-language-link-pt\" title=\"Portugu\u00eas\">Portugu\u00eas<\/a>.<\/p>Caixa com alto desempenho para reter o calor. Leve, resistente e empenh\u00e1vel. Ideal para quente ou frio, para delivery ou takeaway. Adequado para vitrinas quentes. Feito em papel\u00e3o canelado microflute com revestimento no interior. Em castanho e de qualidade premium. Cart\u00e3o canelado Microflute KRAFT proveniente de fontes sustent\u00e1veis, com um revestimento anti gordura de origem vegetal.","protected":false},"excerpt":{"rendered":"<p>Disculpa, pero esta entrada est\u00e1 disponible s\u00f3lo en Portugu\u00eas.Caixa com alto desempenho para reter o calor. Leve, resistente e empenh\u00e1vel. Ideal para quente ou frio, para delivery ou takeaway. Adequado para vitrinas quentes. Feito em papel\u00e3o canelado microflute com revestimento no interior. Em castanho e de qualidade premium. Cart\u00e3o canelado Microflute KRAFT proveniente de fontes [&hellip;]<\/p>\n","protected":false},"featured_media":9527,"template":"","meta":{"_joinchat":[]},"product_cat":[279,246],"product_tag":[],"class_list":["post-7459","product","type-product","status-publish","has-post-thumbnail","hentry","product_cat-horeca","product_cat-linha-pastelaria","product_marca-vegware","material-cartao","certificados-astm-d6400","certificados-bpi-compostable","certificados-contacto-alimentar","certificados-en13432","certificados-fsc","certificados-tuv-austria-ok-compost"],"_links":{"self":[{"href":"https:\/\/www.triecologic.pt\/es\/wp-json\/wp\/v2\/product\/7459","targetHints":{"allow":["GET"]}}],"collection":[{"href":"https:\/\/www.triecologic.pt\/es\/wp-json\/wp\/v2\/product"}],"about":[{"href":"https:\/\/www.triecologic.pt\/es\/wp-json\/wp\/v2\/types\/product"}],"wp:featuredmedia":[{"embeddable":true,"href":"https:\/\/www.triecologic.pt\/es\/wp-json\/wp\/v2\/media\/9527"}],"wp:attachment":[{"href":"https:\/\/www.triecologic.pt\/es\/wp-json\/wp\/v2\/media?parent=7459"}],"wp:term":[{"taxonomy":"product_cat","embeddable":true,"href":"https:\/\/www.triecologic.pt\/es\/wp-json\/wp\/v2\/product_cat?post=7459"},{"taxonomy":"product_tag","embeddable":true,"href":"https:\/\/www.triecologic.pt\/es\/wp-json\/wp\/v2\/product_tag?post=7459"}],"curies":[{"name":"wp","href":"https:\/\/api.w.org\/{rel}","templated":true}]}}