{"id":7458,"date":"2022-05-18T10:11:05","date_gmt":"2022-05-18T10:11:05","guid":{"rendered":"https:\/\/www.triecologic.pt\/produto\/caixa-hamburguer-cartao-kraft-microcanelado-130x130-mm\/"},"modified":"2022-12-30T14:04:52","modified_gmt":"2022-12-30T14:04:52","slug":"caixa-hamburguer-cartao-kraft-microcanelado-130x130-mm","status":"publish","type":"product","link":"https:\/\/www.triecologic.pt\/es\/produto\/caixa-hamburguer-cartao-kraft-microcanelado-130x130-mm\/","title":{"rendered":"Caixa hamb\u00farguer cart\u00e3o kraft microcanelado 130&#215;130 mm"},"content":{"rendered":"<p class=\"qtranxs-available-languages-message qtranxs-available-languages-message-es\">Disculpa, pero esta entrada est\u00e1 disponible s\u00f3lo en <a href=\"https:\/\/www.triecologic.pt\/pt\/wp-json\/wp\/v2\/product\/7458\" class=\"qtranxs-available-language-link qtranxs-available-language-link-pt\" title=\"Portugu\u00eas\">Portugu\u00eas<\/a>.<\/p>Caixa hamb\u00farguer com alto desempenho para reter o calor. Leve, resistente e empenh\u00e1vel. Ideal para quente ou frio, para delivery ou takeaway. Adequado para vitrinas quentes. Feito em papel\u00e3o canelado microflute com revestimento no interior. Em castanho e de qualidade premium. Cart\u00e3o canelado Microflute KRAFT proveniente de fontes sustent\u00e1veis, com um revestimento anti gordura de origem vegetal.","protected":false},"excerpt":{"rendered":"<p>Disculpa, pero esta entrada est\u00e1 disponible s\u00f3lo en Portugu\u00eas.Caixa hamb\u00farguer com alto desempenho para reter o calor. Leve, resistente e empenh\u00e1vel. Ideal para quente ou frio, para delivery ou takeaway. Adequado para vitrinas quentes. Feito em papel\u00e3o canelado microflute com revestimento no interior. Em castanho e de qualidade premium. Cart\u00e3o canelado Microflute KRAFT proveniente de [&hellip;]<\/p>\n","protected":false},"featured_media":9526,"template":"","meta":{"_joinchat":[]},"product_cat":[242,235,279,239,257,245],"product_tag":[],"class_list":["post-7458","product","type-product","status-publish","has-post-thumbnail","hentry","product_cat-caixas-refeicao","product_cat-delivery-e-takeaway","product_cat-horeca","product_cat-linha-fast-street-finger-food","product_cat-linha-gourmet","product_cat-warps-e-sanduiches","product_marca-vegware","material-cartao","certificados-astm-d6400","certificados-bpi-compostable","certificados-contacto-alimentar","certificados-en13432","certificados-fsc","certificados-tuv-austria-ok-compost"],"_links":{"self":[{"href":"https:\/\/www.triecologic.pt\/es\/wp-json\/wp\/v2\/product\/7458","targetHints":{"allow":["GET"]}}],"collection":[{"href":"https:\/\/www.triecologic.pt\/es\/wp-json\/wp\/v2\/product"}],"about":[{"href":"https:\/\/www.triecologic.pt\/es\/wp-json\/wp\/v2\/types\/product"}],"wp:featuredmedia":[{"embeddable":true,"href":"https:\/\/www.triecologic.pt\/es\/wp-json\/wp\/v2\/media\/9526"}],"wp:attachment":[{"href":"https:\/\/www.triecologic.pt\/es\/wp-json\/wp\/v2\/media?parent=7458"}],"wp:term":[{"taxonomy":"product_cat","embeddable":true,"href":"https:\/\/www.triecologic.pt\/es\/wp-json\/wp\/v2\/product_cat?post=7458"},{"taxonomy":"product_tag","embeddable":true,"href":"https:\/\/www.triecologic.pt\/es\/wp-json\/wp\/v2\/product_tag?post=7458"}],"curies":[{"name":"wp","href":"https:\/\/api.w.org\/{rel}","templated":true}]}}