{"id":7448,"date":"2022-05-18T10:11:05","date_gmt":"2022-05-18T10:11:05","guid":{"rendered":"https:\/\/www.triecologic.pt\/produto\/copo-de-papel-kraft-branco-de-114-ml-com-revestimento-pla\/"},"modified":"2023-04-03T14:12:15","modified_gmt":"2023-04-03T14:12:15","slug":"copo-de-papel-kraft-branco-de-114-ml-com-revestimento-pla","status":"publish","type":"product","link":"https:\/\/www.triecologic.pt\/es\/produto\/copo-de-papel-kraft-branco-de-114-ml-com-revestimento-pla\/","title":{"rendered":"Copo de papel 114 ml com revestimento PLA"},"content":{"rendered":"<p class=\"qtranxs-available-languages-message qtranxs-available-languages-message-es\">Disculpa, pero esta entrada est\u00e1 disponible s\u00f3lo en <a href=\"https:\/\/www.triecologic.pt\/pt\/wp-json\/wp\/v2\/product\/7448\" class=\"qtranxs-available-language-link qtranxs-available-language-link-pt\" title=\"Portugu\u00eas\">Portugu\u00eas<\/a>.<\/p>Copo de papel para bebidas quentes. Ideal para caf\u00e9 expresso ou pequenas por\u00e7\u00f5es como molhos ou qualquer amostra quente. Design compat\u00edvel com a directiva SUP EU e de acordo com a legisla\u00e7\u00e3o portuguesa para o uso de descart\u00e1veis de uso \u00fanico. Branco com mensagens ecol\u00f3gicas em verde. Cart\u00e3o KRAFT proveniente de fontes sustent\u00e1veis, com um revestimento em PLA.","protected":false},"excerpt":{"rendered":"<p>Disculpa, pero esta entrada est\u00e1 disponible s\u00f3lo en Portugu\u00eas.Copo de papel para bebidas quentes. Ideal para caf\u00e9 expresso ou pequenas por\u00e7\u00f5es como molhos ou qualquer amostra quente. Design compat\u00edvel com a directiva SUP EU e de acordo com a legisla\u00e7\u00e3o portuguesa para o uso de descart\u00e1veis de uso \u00fanico. Branco com mensagens ecol\u00f3gicas em verde. [&hellip;]<\/p>\n","protected":false},"featured_media":9516,"template":"","meta":{"_joinchat":[]},"product_cat":[236,249,235,250,279,239,246],"product_tag":[],"class_list":["post-7448","product","type-product","status-publish","has-post-thumbnail","hentry","product_cat-catering","product_cat-copos-papel","product_cat-delivery-e-takeaway","product_cat-doseadores","product_cat-horeca","product_cat-linha-fast-street-finger-food","product_cat-linha-pastelaria","product_marca-vegware","material-cartao","certificados-astm-d6400","certificados-bpi-compostable","certificados-contacto-alimentar","certificados-en13432","certificados-fsc","certificados-tuv-austria-ok-compost"],"_links":{"self":[{"href":"https:\/\/www.triecologic.pt\/es\/wp-json\/wp\/v2\/product\/7448","targetHints":{"allow":["GET"]}}],"collection":[{"href":"https:\/\/www.triecologic.pt\/es\/wp-json\/wp\/v2\/product"}],"about":[{"href":"https:\/\/www.triecologic.pt\/es\/wp-json\/wp\/v2\/types\/product"}],"wp:featuredmedia":[{"embeddable":true,"href":"https:\/\/www.triecologic.pt\/es\/wp-json\/wp\/v2\/media\/9516"}],"wp:attachment":[{"href":"https:\/\/www.triecologic.pt\/es\/wp-json\/wp\/v2\/media?parent=7448"}],"wp:term":[{"taxonomy":"product_cat","embeddable":true,"href":"https:\/\/www.triecologic.pt\/es\/wp-json\/wp\/v2\/product_cat?post=7448"},{"taxonomy":"product_tag","embeddable":true,"href":"https:\/\/www.triecologic.pt\/es\/wp-json\/wp\/v2\/product_tag?post=7448"}],"curies":[{"name":"wp","href":"https:\/\/api.w.org\/{rel}","templated":true}]}}