{"id":7440,"date":"2022-05-18T10:11:04","date_gmt":"2022-05-18T10:11:04","guid":{"rendered":"https:\/\/www.triecologic.pt\/produto\/eco-autocolante-compostavel-redondo-de-45-mm\/"},"modified":"2023-01-21T17:29:22","modified_gmt":"2023-01-21T17:29:22","slug":"eco-autocolante-compostavel-redondo-de-45-mm","status":"publish","type":"product","link":"https:\/\/www.triecologic.pt\/es\/produto\/eco-autocolante-compostavel-redondo-de-45-mm\/","title":{"rendered":"Eco-Autocolante compost\u00e1vel redondo de 45 mm"},"content":{"rendered":"<p class=\"qtranxs-available-languages-message qtranxs-available-languages-message-es\">Disculpa, pero esta entrada est\u00e1 disponible s\u00f3lo en <a href=\"https:\/\/www.triecologic.pt\/pt\/wp-json\/wp\/v2\/product\/7440\" class=\"qtranxs-available-language-link qtranxs-available-language-link-pt\" title=\"Portugu\u00eas\">Portugu\u00eas<\/a>.<\/p>Feitos a partir de papel proveniente de fontes sustent\u00e1veis, com colas e tintas ecol\u00f3gicas feitas com uma base aquosa, sem parafinas provenientes de petr\u00f3leo, tornam estes Eco-autocolantes totalmente compost\u00e1veis. Servem para fechar ou identificar sacos, caixas ou outras embalagens tamb\u00e9m compost\u00e1veis ou somente para evidenciar que as suas embalagens s\u00e3o feitas \u00e0 base de plantas. Podem ser personalizados com o seu logotipo.","protected":false},"excerpt":{"rendered":"<p>Disculpa, pero esta entrada est\u00e1 disponible s\u00f3lo en Portugu\u00eas.Feitos a partir de papel proveniente de fontes sustent\u00e1veis, com colas e tintas ecol\u00f3gicas feitas com uma base aquosa, sem parafinas provenientes de petr\u00f3leo, tornam estes Eco-autocolantes totalmente compost\u00e1veis. Servem para fechar ou identificar sacos, caixas ou outras embalagens tamb\u00e9m compost\u00e1veis ou somente para evidenciar que as [&hellip;]<\/p>\n","protected":false},"featured_media":9508,"template":"","meta":{"_joinchat":[]},"product_cat":[235,264,279],"product_tag":[],"class_list":["post-7440","product","type-product","status-publish","has-post-thumbnail","hentry","product_cat-delivery-e-takeaway","product_cat-eco-autocolantes","product_cat-horeca","product_marca-vegware","material-papel","certificados-astm-d6400","certificados-bpi-compostable","certificados-contacto-alimentar","certificados-en13432","certificados-fsc","certificados-tuv-austria-ok-compost"],"_links":{"self":[{"href":"https:\/\/www.triecologic.pt\/es\/wp-json\/wp\/v2\/product\/7440","targetHints":{"allow":["GET"]}}],"collection":[{"href":"https:\/\/www.triecologic.pt\/es\/wp-json\/wp\/v2\/product"}],"about":[{"href":"https:\/\/www.triecologic.pt\/es\/wp-json\/wp\/v2\/types\/product"}],"wp:featuredmedia":[{"embeddable":true,"href":"https:\/\/www.triecologic.pt\/es\/wp-json\/wp\/v2\/media\/9508"}],"wp:attachment":[{"href":"https:\/\/www.triecologic.pt\/es\/wp-json\/wp\/v2\/media?parent=7440"}],"wp:term":[{"taxonomy":"product_cat","embeddable":true,"href":"https:\/\/www.triecologic.pt\/es\/wp-json\/wp\/v2\/product_cat?post=7440"},{"taxonomy":"product_tag","embeddable":true,"href":"https:\/\/www.triecologic.pt\/es\/wp-json\/wp\/v2\/product_tag?post=7440"}],"curies":[{"name":"wp","href":"https:\/\/api.w.org\/{rel}","templated":true}]}}