{"id":7438,"date":"2022-05-18T10:11:04","date_gmt":"2022-05-18T10:11:04","guid":{"rendered":"https:\/\/www.triecologic.pt\/produto\/tampa-gourmet-opaca-em-fibra-reciclada-cana-de-acucar-tamanho-3\/"},"modified":"2023-04-11T21:56:03","modified_gmt":"2023-04-11T21:56:03","slug":"tampa-gourmet-opaca-em-fibra-reciclada-cana-de-acucar-tamanho-3","status":"publish","type":"product","link":"https:\/\/www.triecologic.pt\/es\/produto\/tampa-gourmet-opaca-em-fibra-reciclada-cana-de-acucar-tamanho-3\/","title":{"rendered":"Tampa quadrada branca Tamanho 3"},"content":{"rendered":"<p class=\"qtranxs-available-languages-message qtranxs-available-languages-message-es\">Disculpa, pero esta entrada est\u00e1 disponible s\u00f3lo en <a href=\"https:\/\/www.triecologic.pt\/pt\/wp-json\/wp\/v2\/product\/7438\" class=\"qtranxs-available-language-link qtranxs-available-language-link-pt\" title=\"Portugu\u00eas\">Portugu\u00eas<\/a>.<\/p>Tampa feita a partir de fibras recicladas de cana-de-a\u00e7\u00facar para encaixar nas bases do mesmo tamanho. Design vedante exclusivo e inovador: n\u00e3o ret\u00e9m a condensa\u00e7\u00e3o, para que os alimentos quentes permane\u00e7am crocantes. Pr\u00f3prias para comida quente ou fria. Ideal para takeaway, delivery e pode ser usado para os mais diversos alimentos: desde caril, saladas ou snacks fritos. Fibras recicladas de cana-de-a\u00e7ucar.","protected":false},"excerpt":{"rendered":"<p>Disculpa, pero esta entrada est\u00e1 disponible s\u00f3lo en Portugu\u00eas.Tampa feita a partir de fibras recicladas de cana-de-a\u00e7\u00facar para encaixar nas bases do mesmo tamanho. Design vedante exclusivo e inovador: n\u00e3o ret\u00e9m a condensa\u00e7\u00e3o, para que os alimentos quentes permane\u00e7am crocantes. Pr\u00f3prias para comida quente ou fria. Ideal para takeaway, delivery e pode ser usado para [&hellip;]<\/p>\n","protected":false},"featured_media":9506,"template":"","meta":{"_joinchat":[]},"product_cat":[283,242,285,235,279,257,246,238,237,331],"product_tag":[],"class_list":["post-7438","product","type-product","status-publish","has-post-thumbnail","hentry","product_cat-agricultura","product_cat-caixas-refeicao","product_cat-caixas-transparentes-agricultura","product_cat-delivery-e-takeaway","product_cat-horeca","product_cat-linha-gourmet","product_cat-linha-pastelaria","product_cat-linha-sushi","product_cat-saladas","product_cat-produtos-zero","product_marca-vegware","material-cana-de-acucar","certificados-astm-d6400","certificados-bpi-compostable","certificados-contacto-alimentar","certificados-en13432","certificados-fsc","certificados-tuv-austria-ok-compost"],"_links":{"self":[{"href":"https:\/\/www.triecologic.pt\/es\/wp-json\/wp\/v2\/product\/7438","targetHints":{"allow":["GET"]}}],"collection":[{"href":"https:\/\/www.triecologic.pt\/es\/wp-json\/wp\/v2\/product"}],"about":[{"href":"https:\/\/www.triecologic.pt\/es\/wp-json\/wp\/v2\/types\/product"}],"wp:featuredmedia":[{"embeddable":true,"href":"https:\/\/www.triecologic.pt\/es\/wp-json\/wp\/v2\/media\/9506"}],"wp:attachment":[{"href":"https:\/\/www.triecologic.pt\/es\/wp-json\/wp\/v2\/media?parent=7438"}],"wp:term":[{"taxonomy":"product_cat","embeddable":true,"href":"https:\/\/www.triecologic.pt\/es\/wp-json\/wp\/v2\/product_cat?post=7438"},{"taxonomy":"product_tag","embeddable":true,"href":"https:\/\/www.triecologic.pt\/es\/wp-json\/wp\/v2\/product_tag?post=7438"}],"curies":[{"name":"wp","href":"https:\/\/api.w.org\/{rel}","templated":true}]}}