{"id":7433,"date":"2022-05-18T10:11:04","date_gmt":"2022-05-18T10:11:04","guid":{"rendered":"https:\/\/www.triecologic.pt\/produto\/caixa-para-pizza-em-papel-kraft-castanho-de-30-cm\/"},"modified":"2023-04-03T11:24:25","modified_gmt":"2023-04-03T11:24:25","slug":"caixa-para-pizza-em-papel-kraft-castanho-de-30-cm","status":"publish","type":"product","link":"https:\/\/www.triecologic.pt\/es\/produto\/caixa-para-pizza-em-papel-kraft-castanho-de-30-cm\/","title":{"rendered":"Caixa pizza cart\u00e3o Kraft 30 cm"},"content":{"rendered":"<p class=\"qtranxs-available-languages-message qtranxs-available-languages-message-es\">Disculpa, pero esta entrada est\u00e1 disponible s\u00f3lo en <a href=\"https:\/\/www.triecologic.pt\/pt\/wp-json\/wp\/v2\/product\/7433\" class=\"qtranxs-available-language-link qtranxs-available-language-link-pt\" title=\"Portugu\u00eas\">Portugu\u00eas<\/a>.<\/p>Caixas para pizza em kraft de alta qualidade. As nossas caixas de pizza s\u00e3o feitas com cart\u00e3o proveniente de fontes sustent\u00e1veis. Estas caixas n\u00e3o t\u00eam tratamento de branqueamento e por isso t\u00eam esta cor castanha, t\u00e3o eco-chic! Cart\u00e3o KRAFT proveniente de fontes sustent\u00e1veis.","protected":false},"excerpt":{"rendered":"<p>Disculpa, pero esta entrada est\u00e1 disponible s\u00f3lo en Portugu\u00eas.Caixas para pizza em kraft de alta qualidade. As nossas caixas de pizza s\u00e3o feitas com cart\u00e3o proveniente de fontes sustent\u00e1veis. Estas caixas n\u00e3o t\u00eam tratamento de branqueamento e por isso t\u00eam esta cor castanha, t\u00e3o eco-chic! Cart\u00e3o KRAFT proveniente de fontes sustent\u00e1veis.<\/p>\n","protected":false},"featured_media":9501,"template":"","meta":{"_joinchat":[]},"product_cat":[235,279,239,246,263,331],"product_tag":[],"class_list":["post-7433","product","type-product","status-publish","has-post-thumbnail","hentry","product_cat-delivery-e-takeaway","product_cat-horeca","product_cat-linha-fast-street-finger-food","product_cat-linha-pastelaria","product_cat-linha-pizza","product_cat-produtos-zero","product_marca-vegware","material-cartao","certificados-astm-d6400","certificados-bpi-compostable","certificados-contacto-alimentar","certificados-en13432","certificados-fsc","certificados-tuv-austria-ok-compost"],"_links":{"self":[{"href":"https:\/\/www.triecologic.pt\/es\/wp-json\/wp\/v2\/product\/7433","targetHints":{"allow":["GET"]}}],"collection":[{"href":"https:\/\/www.triecologic.pt\/es\/wp-json\/wp\/v2\/product"}],"about":[{"href":"https:\/\/www.triecologic.pt\/es\/wp-json\/wp\/v2\/types\/product"}],"wp:featuredmedia":[{"embeddable":true,"href":"https:\/\/www.triecologic.pt\/es\/wp-json\/wp\/v2\/media\/9501"}],"wp:attachment":[{"href":"https:\/\/www.triecologic.pt\/es\/wp-json\/wp\/v2\/media?parent=7433"}],"wp:term":[{"taxonomy":"product_cat","embeddable":true,"href":"https:\/\/www.triecologic.pt\/es\/wp-json\/wp\/v2\/product_cat?post=7433"},{"taxonomy":"product_tag","embeddable":true,"href":"https:\/\/www.triecologic.pt\/es\/wp-json\/wp\/v2\/product_tag?post=7433"}],"curies":[{"name":"wp","href":"https:\/\/api.w.org\/{rel}","templated":true}]}}