{"id":7428,"date":"2022-05-18T10:11:04","date_gmt":"2022-05-18T10:11:04","guid":{"rendered":"https:\/\/www.triecologic.pt\/produto\/caixa-transparente-retangular-com-tampa-articulada-de-950-ml\/"},"modified":"2023-04-10T12:08:29","modified_gmt":"2023-04-10T12:08:29","slug":"caixa-transparente-retangular-com-tampa-articulada-de-950-ml","status":"publish","type":"product","link":"https:\/\/www.triecologic.pt\/es\/produto\/caixa-transparente-retangular-com-tampa-articulada-de-950-ml\/","title":{"rendered":"Caixa transparente retangular com tampa articulada de 950 ml"},"content":{"rendered":"<p class=\"qtranxs-available-languages-message qtranxs-available-languages-message-es\">Disculpa, pero esta entrada est\u00e1 disponible s\u00f3lo en <a href=\"https:\/\/www.triecologic.pt\/pt\/wp-json\/wp\/v2\/product\/7428\" class=\"qtranxs-available-language-link qtranxs-available-language-link-pt\" title=\"Portugu\u00eas\">Portugu\u00eas<\/a>.<\/p>Caixa transparente retangular com tampa incorporada (formato concha), que proporciona o fecho seguro e vedante, garantindo uma f\u00e1cil utiliza\u00e7\u00e3o no momento de servir. Fabricado em PLA (pol\u00edmero feito \u00e0 base de plantas e n\u00e3o de petr\u00f3leo). Apresenta\u00e7\u00e3o perfeita para saladas, doces ou frutas.","protected":false},"excerpt":{"rendered":"<p>Disculpa, pero esta entrada est\u00e1 disponible s\u00f3lo en Portugu\u00eas.Caixa transparente retangular com tampa incorporada (formato concha), que proporciona o fecho seguro e vedante, garantindo uma f\u00e1cil utiliza\u00e7\u00e3o no momento de servir. Fabricado em PLA (pol\u00edmero feito \u00e0 base de plantas e n\u00e3o de petr\u00f3leo). Apresenta\u00e7\u00e3o perfeita para saladas, doces ou frutas.<\/p>\n","protected":false},"featured_media":9496,"template":"","meta":{"_joinchat":[]},"product_cat":[283,242,258,285,235,279,239,240,246,238,237],"product_tag":[],"class_list":["post-7428","product","type-product","status-publish","has-post-thumbnail","hentry","product_cat-agricultura","product_cat-caixas-refeicao","product_cat-caixas-transparentes","product_cat-caixas-transparentes-agricultura","product_cat-delivery-e-takeaway","product_cat-horeca","product_cat-linha-fast-street-finger-food","product_cat-linha-geladaria","product_cat-linha-pastelaria","product_cat-linha-sushi","product_cat-saladas","product_marca-vegware","material-pla","certificados-astm-d6400","certificados-bpi-compostable","certificados-contacto-alimentar","certificados-en13432","certificados-fsc","certificados-tuv-austria-ok-compost"],"_links":{"self":[{"href":"https:\/\/www.triecologic.pt\/es\/wp-json\/wp\/v2\/product\/7428","targetHints":{"allow":["GET"]}}],"collection":[{"href":"https:\/\/www.triecologic.pt\/es\/wp-json\/wp\/v2\/product"}],"about":[{"href":"https:\/\/www.triecologic.pt\/es\/wp-json\/wp\/v2\/types\/product"}],"wp:featuredmedia":[{"embeddable":true,"href":"https:\/\/www.triecologic.pt\/es\/wp-json\/wp\/v2\/media\/9496"}],"wp:attachment":[{"href":"https:\/\/www.triecologic.pt\/es\/wp-json\/wp\/v2\/media?parent=7428"}],"wp:term":[{"taxonomy":"product_cat","embeddable":true,"href":"https:\/\/www.triecologic.pt\/es\/wp-json\/wp\/v2\/product_cat?post=7428"},{"taxonomy":"product_tag","embeddable":true,"href":"https:\/\/www.triecologic.pt\/es\/wp-json\/wp\/v2\/product_tag?post=7428"}],"curies":[{"name":"wp","href":"https:\/\/api.w.org\/{rel}","templated":true}]}}