{"id":7424,"date":"2022-05-18T10:11:04","date_gmt":"2022-05-18T10:11:04","guid":{"rendered":"https:\/\/www.triecologic.pt\/produto\/tampa-em-cartao-branco-para-quentes-e-frios-115-mm\/"},"modified":"2023-04-11T22:06:05","modified_gmt":"2023-04-11T22:06:05","slug":"tampa-em-cartao-branco-para-quentes-e-frios-115-mm","status":"publish","type":"product","link":"https:\/\/www.triecologic.pt\/es\/produto\/tampa-em-cartao-branco-para-quentes-e-frios-115-mm\/","title":{"rendered":"Tampa em cart\u00e3o branco para quentes e frios 115 mm"},"content":{"rendered":"<p class=\"qtranxs-available-languages-message qtranxs-available-languages-message-es\">Disculpa, pero esta entrada est\u00e1 disponible s\u00f3lo en <a href=\"https:\/\/www.triecologic.pt\/pt\/wp-json\/wp\/v2\/product\/7424\" class=\"qtranxs-available-language-link qtranxs-available-language-link-pt\" title=\"Portugu\u00eas\">Portugu\u00eas<\/a>.<\/p>Tampas de papel perfeitas para transporte de alimentos quentes ou frios. Design branco com faixa ECO impressa. Feito em papel de origem sustent\u00e1vel e revestimento em PLA &#8211; pol\u00edmero feito \u00e0 base de plantas e n\u00e3o de petr\u00f3leo. Encaixa nos potes de cart\u00e3o branco de 360 a 900 ml. Cart\u00e3o de origem sustent\u00e1vel, com um revestimento em PLA &#8211; biopol\u00edmero feito \u00e0 base de plantas e n\u00e3o do petr\u00f3leo.","protected":false},"excerpt":{"rendered":"<p>Disculpa, pero esta entrada est\u00e1 disponible s\u00f3lo en Portugu\u00eas.Tampas de papel perfeitas para transporte de alimentos quentes ou frios. Design branco com faixa ECO impressa. Feito em papel de origem sustent\u00e1vel e revestimento em PLA &#8211; pol\u00edmero feito \u00e0 base de plantas e n\u00e3o de petr\u00f3leo. Encaixa nos potes de cart\u00e3o branco de 360 a [&hellip;]<\/p>\n","protected":false},"featured_media":9492,"template":"","meta":{"_joinchat":[]},"product_cat":[283,241,235,279,240,238,237,234],"product_tag":[],"class_list":["post-7424","product","type-product","status-publish","has-post-thumbnail","hentry","product_cat-agricultura","product_cat-caixas-papel","product_cat-delivery-e-takeaway","product_cat-horeca","product_cat-linha-geladaria","product_cat-linha-sushi","product_cat-saladas","product_cat-sopas-e-sobremesas","product_marca-vegware","material-cartao","certificados-astm-d6400","certificados-bpi-compostable","certificados-contacto-alimentar","certificados-en13432","certificados-fsc","certificados-tuv-austria-ok-compost"],"_links":{"self":[{"href":"https:\/\/www.triecologic.pt\/es\/wp-json\/wp\/v2\/product\/7424","targetHints":{"allow":["GET"]}}],"collection":[{"href":"https:\/\/www.triecologic.pt\/es\/wp-json\/wp\/v2\/product"}],"about":[{"href":"https:\/\/www.triecologic.pt\/es\/wp-json\/wp\/v2\/types\/product"}],"wp:featuredmedia":[{"embeddable":true,"href":"https:\/\/www.triecologic.pt\/es\/wp-json\/wp\/v2\/media\/9492"}],"wp:attachment":[{"href":"https:\/\/www.triecologic.pt\/es\/wp-json\/wp\/v2\/media?parent=7424"}],"wp:term":[{"taxonomy":"product_cat","embeddable":true,"href":"https:\/\/www.triecologic.pt\/es\/wp-json\/wp\/v2\/product_cat?post=7424"},{"taxonomy":"product_tag","embeddable":true,"href":"https:\/\/www.triecologic.pt\/es\/wp-json\/wp\/v2\/product_tag?post=7424"}],"curies":[{"name":"wp","href":"https:\/\/api.w.org\/{rel}","templated":true}]}}