{"id":7422,"date":"2022-05-18T10:11:04","date_gmt":"2022-05-18T10:11:04","guid":{"rendered":"https:\/\/www.triecologic.pt\/produto\/tampa-cartao-kraft-branca-com-ventilacao-185-mm\/"},"modified":"2023-04-11T22:10:10","modified_gmt":"2023-04-11T22:10:10","slug":"tampa-cartao-kraft-branca-com-ventilacao-185-mm","status":"publish","type":"product","link":"https:\/\/www.triecologic.pt\/es\/produto\/tampa-cartao-kraft-branca-com-ventilacao-185-mm\/","title":{"rendered":"Tampa cart\u00e3o kraft branca com ventila\u00e7\u00e3o 185 mm"},"content":{"rendered":"<p class=\"qtranxs-available-languages-message qtranxs-available-languages-message-es\">Disculpa, pero esta entrada est\u00e1 disponible s\u00f3lo en <a href=\"https:\/\/www.triecologic.pt\/pt\/wp-json\/wp\/v2\/product\/7422\" class=\"qtranxs-available-language-link qtranxs-available-language-link-pt\" title=\"Portugu\u00eas\">Portugu\u00eas<\/a>.<\/p>Tampa em cart\u00e3o, revestida e ventilada. Cart\u00e3o de origem sustent\u00e1vel, com um revestimento em PLA &#8211; biopol\u00edmero feito \u00e0 base de plantas e n\u00e3o do petr\u00f3leo.","protected":false},"excerpt":{"rendered":"<p>Disculpa, pero esta entrada est\u00e1 disponible s\u00f3lo en Portugu\u00eas.Tampa em cart\u00e3o, revestida e ventilada. Cart\u00e3o de origem sustent\u00e1vel, com um revestimento em PLA &#8211; biopol\u00edmero feito \u00e0 base de plantas e n\u00e3o do petr\u00f3leo.<\/p>\n","protected":false},"featured_media":9490,"template":"","meta":{"_joinchat":[]},"product_cat":[283,259,242,285,235,279,257,237],"product_tag":[],"class_list":["post-7422","product","type-product","status-publish","has-post-thumbnail","hentry","product_cat-agricultura","product_cat-bowls","product_cat-caixas-refeicao","product_cat-caixas-transparentes-agricultura","product_cat-delivery-e-takeaway","product_cat-horeca","product_cat-linha-gourmet","product_cat-saladas","product_marca-vegware","material-cartao","certificados-astm-d6400","certificados-bpi-compostable","certificados-contacto-alimentar","certificados-en13432","certificados-fsc","certificados-tuv-austria-ok-compost"],"_links":{"self":[{"href":"https:\/\/www.triecologic.pt\/es\/wp-json\/wp\/v2\/product\/7422","targetHints":{"allow":["GET"]}}],"collection":[{"href":"https:\/\/www.triecologic.pt\/es\/wp-json\/wp\/v2\/product"}],"about":[{"href":"https:\/\/www.triecologic.pt\/es\/wp-json\/wp\/v2\/types\/product"}],"wp:featuredmedia":[{"embeddable":true,"href":"https:\/\/www.triecologic.pt\/es\/wp-json\/wp\/v2\/media\/9490"}],"wp:attachment":[{"href":"https:\/\/www.triecologic.pt\/es\/wp-json\/wp\/v2\/media?parent=7422"}],"wp:term":[{"taxonomy":"product_cat","embeddable":true,"href":"https:\/\/www.triecologic.pt\/es\/wp-json\/wp\/v2\/product_cat?post=7422"},{"taxonomy":"product_tag","embeddable":true,"href":"https:\/\/www.triecologic.pt\/es\/wp-json\/wp\/v2\/product_tag?post=7422"}],"curies":[{"name":"wp","href":"https:\/\/api.w.org\/{rel}","templated":true}]}}