{"id":7419,"date":"2022-05-18T10:11:03","date_gmt":"2022-05-18T10:11:03","guid":{"rendered":"https:\/\/www.triecologic.pt\/produto\/saladeira-bowl-transparente-1000-ml\/"},"modified":"2023-04-10T12:09:38","modified_gmt":"2023-04-10T12:09:38","slug":"saladeira-bowl-transparente-1000-ml","status":"publish","type":"product","link":"https:\/\/www.triecologic.pt\/es\/produto\/saladeira-bowl-transparente-1000-ml\/","title":{"rendered":"Saladeira bowl transparente 1000 ml"},"content":{"rendered":"<p class=\"qtranxs-available-languages-message qtranxs-available-languages-message-es\">Disculpa, pero esta entrada est\u00e1 disponible s\u00f3lo en <a href=\"https:\/\/www.triecologic.pt\/pt\/wp-json\/wp\/v2\/product\/7419\" class=\"qtranxs-available-language-link qtranxs-available-language-link-pt\" title=\"Portugu\u00eas\">Portugu\u00eas<\/a>.<\/p>Uma saladeira ampla e transparente. Estas tigelas garantem o m\u00e1ximo de estilo e versatilidade. Uma garantida vis\u00e3o panor\u00e2mica, com uma apresenta\u00e7\u00e3o premium para suas refei\u00e7\u00f5es frias. Feitas em PLA, um material renov\u00e1vel feito de plantas. Compat\u00edveis com as tampas VL185F. PLA &#8211; biopol\u00edmero \u00e0 base de plantas e n\u00e3o do petr\u00f3leo.","protected":false},"excerpt":{"rendered":"<p>Disculpa, pero esta entrada est\u00e1 disponible s\u00f3lo en Portugu\u00eas.Uma saladeira ampla e transparente. Estas tigelas garantem o m\u00e1ximo de estilo e versatilidade. Uma garantida vis\u00e3o panor\u00e2mica, com uma apresenta\u00e7\u00e3o premium para suas refei\u00e7\u00f5es frias. Feitas em PLA, um material renov\u00e1vel feito de plantas. Compat\u00edveis com as tampas VL185F. PLA &#8211; biopol\u00edmero \u00e0 base de plantas [&hellip;]<\/p>\n","protected":false},"featured_media":9487,"template":"","meta":{"_joinchat":[]},"product_cat":[283,259,242,258,285,235,279,239,257,237],"product_tag":[],"class_list":["post-7419","product","type-product","status-publish","has-post-thumbnail","hentry","product_cat-agricultura","product_cat-bowls","product_cat-caixas-refeicao","product_cat-caixas-transparentes","product_cat-caixas-transparentes-agricultura","product_cat-delivery-e-takeaway","product_cat-horeca","product_cat-linha-fast-street-finger-food","product_cat-linha-gourmet","product_cat-saladas","product_marca-vegware","material-pla","certificados-astm-d6400","certificados-bpi-compostable","certificados-contacto-alimentar","certificados-en13432","certificados-fsc","certificados-tuv-austria-ok-compost"],"_links":{"self":[{"href":"https:\/\/www.triecologic.pt\/es\/wp-json\/wp\/v2\/product\/7419","targetHints":{"allow":["GET"]}}],"collection":[{"href":"https:\/\/www.triecologic.pt\/es\/wp-json\/wp\/v2\/product"}],"about":[{"href":"https:\/\/www.triecologic.pt\/es\/wp-json\/wp\/v2\/types\/product"}],"wp:featuredmedia":[{"embeddable":true,"href":"https:\/\/www.triecologic.pt\/es\/wp-json\/wp\/v2\/media\/9487"}],"wp:attachment":[{"href":"https:\/\/www.triecologic.pt\/es\/wp-json\/wp\/v2\/media?parent=7419"}],"wp:term":[{"taxonomy":"product_cat","embeddable":true,"href":"https:\/\/www.triecologic.pt\/es\/wp-json\/wp\/v2\/product_cat?post=7419"},{"taxonomy":"product_tag","embeddable":true,"href":"https:\/\/www.triecologic.pt\/es\/wp-json\/wp\/v2\/product_tag?post=7419"}],"curies":[{"name":"wp","href":"https:\/\/api.w.org\/{rel}","templated":true}]}}