{"id":7418,"date":"2022-05-18T10:11:03","date_gmt":"2022-05-18T10:11:03","guid":{"rendered":"https:\/\/www.triecologic.pt\/produto\/tampa-preta-com-bocal-para-copo-de-bebidas-quentes-79-mm\/"},"modified":"2023-04-11T21:58:37","modified_gmt":"2023-04-11T21:58:37","slug":"tampa-preta-com-bocal-para-copo-de-bebidas-quentes-79-mm","status":"publish","type":"product","link":"https:\/\/www.triecologic.pt\/es\/produto\/tampa-preta-com-bocal-para-copo-de-bebidas-quentes-79-mm\/","title":{"rendered":"Tampa preta com bocal para copo de bebidas quentes 79 mm"},"content":{"rendered":"<p class=\"qtranxs-available-languages-message qtranxs-available-languages-message-es\">Disculpa, pero esta entrada est\u00e1 disponible s\u00f3lo en <a href=\"https:\/\/www.triecologic.pt\/pt\/wp-json\/wp\/v2\/product\/7418\" class=\"qtranxs-available-language-link qtranxs-available-language-link-pt\" title=\"Portugu\u00eas\">Portugu\u00eas<\/a>.<\/p>Tampa compost\u00e1vel para copos de bebidas quentes. Tem um orif\u00edcio bocal pr\u00f3prio, para beber bebidas quentes sem queimar. CPLA \u2013 PLA cristalizado pr\u00f3prio para temperaturas quentes (biopolimero feito \u00e0 base de plantas e n\u00e3o do petr\u00f3leo).","protected":false},"excerpt":{"rendered":"<p>Disculpa, pero esta entrada est\u00e1 disponible s\u00f3lo en Portugu\u00eas.Tampa compost\u00e1vel para copos de bebidas quentes. Tem um orif\u00edcio bocal pr\u00f3prio, para beber bebidas quentes sem queimar. CPLA \u2013 PLA cristalizado pr\u00f3prio para temperaturas quentes (biopolimero feito \u00e0 base de plantas e n\u00e3o do petr\u00f3leo).<\/p>\n","protected":false},"featured_media":9486,"template":"","meta":{"_joinchat":[]},"product_cat":[249,235,279,246],"product_tag":[],"class_list":["post-7418","product","type-product","status-publish","has-post-thumbnail","hentry","product_cat-copos-papel","product_cat-delivery-e-takeaway","product_cat-horeca","product_cat-linha-pastelaria","product_marca-vegware","material-cpla","certificados-astm-d6400","certificados-bpi-compostable","certificados-contacto-alimentar","certificados-en13432","certificados-fsc","certificados-tuv-austria-ok-compost"],"_links":{"self":[{"href":"https:\/\/www.triecologic.pt\/es\/wp-json\/wp\/v2\/product\/7418","targetHints":{"allow":["GET"]}}],"collection":[{"href":"https:\/\/www.triecologic.pt\/es\/wp-json\/wp\/v2\/product"}],"about":[{"href":"https:\/\/www.triecologic.pt\/es\/wp-json\/wp\/v2\/types\/product"}],"wp:featuredmedia":[{"embeddable":true,"href":"https:\/\/www.triecologic.pt\/es\/wp-json\/wp\/v2\/media\/9486"}],"wp:attachment":[{"href":"https:\/\/www.triecologic.pt\/es\/wp-json\/wp\/v2\/media?parent=7418"}],"wp:term":[{"taxonomy":"product_cat","embeddable":true,"href":"https:\/\/www.triecologic.pt\/es\/wp-json\/wp\/v2\/product_cat?post=7418"},{"taxonomy":"product_tag","embeddable":true,"href":"https:\/\/www.triecologic.pt\/es\/wp-json\/wp\/v2\/product_tag?post=7418"}],"curies":[{"name":"wp","href":"https:\/\/api.w.org\/{rel}","templated":true}]}}