{"id":7414,"date":"2022-05-18T10:11:03","date_gmt":"2022-05-18T10:11:03","guid":{"rendered":"https:\/\/www.triecologic.pt\/produto\/tampa-em-cartao-com-bocal-para-copo-de-bebidas-quentes-79-mm\/"},"modified":"2023-04-11T22:03:31","modified_gmt":"2023-04-11T22:03:31","slug":"tampa-em-cartao-com-bocal-para-copo-de-bebidas-quentes-79-mm","status":"publish","type":"product","link":"https:\/\/www.triecologic.pt\/es\/produto\/tampa-em-cartao-com-bocal-para-copo-de-bebidas-quentes-79-mm\/","title":{"rendered":"Tampa em cart\u00e3o com bocal para copo de bebidas quentes 79 mm"},"content":{"rendered":"<p class=\"qtranxs-available-languages-message qtranxs-available-languages-message-es\">Disculpa, pero esta entrada est\u00e1 disponible s\u00f3lo en <a href=\"https:\/\/www.triecologic.pt\/pt\/wp-json\/wp\/v2\/product\/7414\" class=\"qtranxs-available-language-link qtranxs-available-language-link-pt\" title=\"Portugu\u00eas\">Portugu\u00eas<\/a>.<\/p>Tampa de papel para os copos de bebidas quentes. Com uma inovadora aba retr\u00e1til, que serve de orif\u00edcio para poder beber as suas bebidas quentes em seguran\u00e7a. Feito em papel de origem sustent\u00e1vel, forrado com BioPBS resistente \u00e0 humidade e de base biol\u00f3gica, para manter a tampa firme. Cart\u00e3o de origem sustent\u00e1vel, com um revestimento em BioPBS &#8211; biopol\u00edmero feito \u00e0 base de plantas e n\u00e3o do petr\u00f3leo.","protected":false},"excerpt":{"rendered":"<p>Disculpa, pero esta entrada est\u00e1 disponible s\u00f3lo en Portugu\u00eas.Tampa de papel para os copos de bebidas quentes. Com uma inovadora aba retr\u00e1til, que serve de orif\u00edcio para poder beber as suas bebidas quentes em seguran\u00e7a. Feito em papel de origem sustent\u00e1vel, forrado com BioPBS resistente \u00e0 humidade e de base biol\u00f3gica, para manter a tampa [&hellip;]<\/p>\n","protected":false},"featured_media":9482,"template":"","meta":{"_joinchat":[]},"product_cat":[249,235,279,246],"product_tag":[],"class_list":["post-7414","product","type-product","status-publish","has-post-thumbnail","hentry","product_cat-copos-papel","product_cat-delivery-e-takeaway","product_cat-horeca","product_cat-linha-pastelaria","product_marca-vegware","material-cartao","certificados-astm-d6400","certificados-bpi-compostable","certificados-contacto-alimentar","certificados-en13432","certificados-fsc","certificados-tuv-austria-ok-compost"],"_links":{"self":[{"href":"https:\/\/www.triecologic.pt\/es\/wp-json\/wp\/v2\/product\/7414","targetHints":{"allow":["GET"]}}],"collection":[{"href":"https:\/\/www.triecologic.pt\/es\/wp-json\/wp\/v2\/product"}],"about":[{"href":"https:\/\/www.triecologic.pt\/es\/wp-json\/wp\/v2\/types\/product"}],"wp:featuredmedia":[{"embeddable":true,"href":"https:\/\/www.triecologic.pt\/es\/wp-json\/wp\/v2\/media\/9482"}],"wp:attachment":[{"href":"https:\/\/www.triecologic.pt\/es\/wp-json\/wp\/v2\/media?parent=7414"}],"wp:term":[{"taxonomy":"product_cat","embeddable":true,"href":"https:\/\/www.triecologic.pt\/es\/wp-json\/wp\/v2\/product_cat?post=7414"},{"taxonomy":"product_tag","embeddable":true,"href":"https:\/\/www.triecologic.pt\/es\/wp-json\/wp\/v2\/product_tag?post=7414"}],"curies":[{"name":"wp","href":"https:\/\/api.w.org\/{rel}","templated":true}]}}