{"id":7412,"date":"2022-05-18T10:11:03","date_gmt":"2022-05-18T10:11:03","guid":{"rendered":"https:\/\/www.triecologic.pt\/produto\/caixa-cartao-kraft-1300-ml\/"},"modified":"2023-03-28T11:09:32","modified_gmt":"2023-03-28T11:09:32","slug":"caixa-cartao-kraft-1300-ml","status":"publish","type":"product","link":"https:\/\/www.triecologic.pt\/es\/produto\/caixa-cartao-kraft-1300-ml\/","title":{"rendered":"Caixa Kraft 1300 ml"},"content":{"rendered":"<p class=\"qtranxs-available-languages-message qtranxs-available-languages-message-es\">Disculpa, pero esta entrada est\u00e1 disponible s\u00f3lo en <a href=\"https:\/\/www.triecologic.pt\/pt\/wp-json\/wp\/v2\/product\/7412\" class=\"qtranxs-available-language-link qtranxs-available-language-link-pt\" title=\"Portugu\u00eas\">Portugu\u00eas<\/a>.<\/p>Pr\u00e1tico, mas com um elegante design, estas caixas em cart\u00e3o kraft s\u00e3o o recipiente eco-chic para o seu take-away. Suporta comidas com molhos, ensopados, bolos, etc devido ao seu revestimento compost\u00e1vel e resistente a gorduras. Cantos refor\u00e7ados com prote\u00e7\u00e3o anti derrame e abas com fecho pr\u00f3prio para um acondicionamento seguro. Cart\u00e3o KRAFT proveniente de fontes sustent\u00e1veis, com um revestimento anti gordura de origem vegetal.","protected":false},"excerpt":{"rendered":"<p>Disculpa, pero esta entrada est\u00e1 disponible s\u00f3lo en Portugu\u00eas.Pr\u00e1tico, mas com um elegante design, estas caixas em cart\u00e3o kraft s\u00e3o o recipiente eco-chic para o seu take-away. Suporta comidas com molhos, ensopados, bolos, etc devido ao seu revestimento compost\u00e1vel e resistente a gorduras. Cantos refor\u00e7ados com prote\u00e7\u00e3o anti derrame e abas com fecho pr\u00f3prio para [&hellip;]<\/p>\n","protected":false},"featured_media":9480,"template":"","meta":{"_joinchat":[]},"product_cat":[242,235,279,239,246,238,237,245,331],"product_tag":[],"class_list":["post-7412","product","type-product","status-publish","has-post-thumbnail","hentry","product_cat-caixas-refeicao","product_cat-delivery-e-takeaway","product_cat-horeca","product_cat-linha-fast-street-finger-food","product_cat-linha-pastelaria","product_cat-linha-sushi","product_cat-saladas","product_cat-warps-e-sanduiches","product_cat-produtos-zero","product_marca-vegware","material-cartao","certificados-astm-d6400","certificados-bpi-compostable","certificados-contacto-alimentar","certificados-en13432","certificados-fsc","certificados-tuv-austria-ok-compost"],"_links":{"self":[{"href":"https:\/\/www.triecologic.pt\/es\/wp-json\/wp\/v2\/product\/7412","targetHints":{"allow":["GET"]}}],"collection":[{"href":"https:\/\/www.triecologic.pt\/es\/wp-json\/wp\/v2\/product"}],"about":[{"href":"https:\/\/www.triecologic.pt\/es\/wp-json\/wp\/v2\/types\/product"}],"wp:featuredmedia":[{"embeddable":true,"href":"https:\/\/www.triecologic.pt\/es\/wp-json\/wp\/v2\/media\/9480"}],"wp:attachment":[{"href":"https:\/\/www.triecologic.pt\/es\/wp-json\/wp\/v2\/media?parent=7412"}],"wp:term":[{"taxonomy":"product_cat","embeddable":true,"href":"https:\/\/www.triecologic.pt\/es\/wp-json\/wp\/v2\/product_cat?post=7412"},{"taxonomy":"product_tag","embeddable":true,"href":"https:\/\/www.triecologic.pt\/es\/wp-json\/wp\/v2\/product_tag?post=7412"}],"curies":[{"name":"wp","href":"https:\/\/api.w.org\/{rel}","templated":true}]}}