{"id":7410,"date":"2022-05-18T10:11:03","date_gmt":"2022-05-18T10:11:03","guid":{"rendered":"https:\/\/www.triecologic.pt\/produto\/base-retangular-branca-gourmet-de-1200-ml\/"},"modified":"2023-04-09T12:14:10","modified_gmt":"2023-04-09T12:14:10","slug":"base-retangular-branca-gourmet-de-1200-ml","status":"publish","type":"product","link":"https:\/\/www.triecologic.pt\/es\/produto\/base-retangular-branca-gourmet-de-1200-ml\/","title":{"rendered":"Tabuleiro\/Base de caixa retangular branca 1200 ml"},"content":{"rendered":"<p class=\"qtranxs-available-languages-message qtranxs-available-languages-message-es\">Disculpa, pero esta entrada est\u00e1 disponible s\u00f3lo en <a href=\"https:\/\/www.triecologic.pt\/pt\/wp-json\/wp\/v2\/product\/7410\" class=\"qtranxs-available-language-link qtranxs-available-language-link-pt\" title=\"Portugu\u00eas\">Portugu\u00eas<\/a>.<\/p>Base para alimentos quentes e frios, com ou sem molho. Robusto e elegante permite um empilhamento eficiente.<br \/>\nMin temp (\u00b0C): -15 \/ Max temp (\u00b0C): 220<br \/>\nFibras recicladas de cana-de-a\u00e7ucar.","protected":false},"excerpt":{"rendered":"<p>Disculpa, pero esta entrada est\u00e1 disponible s\u00f3lo en Portugu\u00eas.Base para alimentos quentes e frios, com ou sem molho. Robusto e elegante permite um empilhamento eficiente. Min temp (\u00b0C): -15 \/ Max temp (\u00b0C): 220 Fibras recicladas de cana-de-a\u00e7ucar.<\/p>\n","protected":false},"featured_media":9478,"template":"","meta":{"_joinchat":[]},"product_cat":[283,242,285,236,235,279,239,257,246,238,237,331],"product_tag":[],"class_list":["post-7410","product","type-product","status-publish","has-post-thumbnail","hentry","product_cat-agricultura","product_cat-caixas-refeicao","product_cat-caixas-transparentes-agricultura","product_cat-catering","product_cat-delivery-e-takeaway","product_cat-horeca","product_cat-linha-fast-street-finger-food","product_cat-linha-gourmet","product_cat-linha-pastelaria","product_cat-linha-sushi","product_cat-saladas","product_cat-produtos-zero","product_marca-vegware","material-cana-de-acucar","certificados-astm-d6400","certificados-bpi-compostable","certificados-contacto-alimentar","certificados-en13432","certificados-fsc","certificados-tuv-austria-ok-compost"],"_links":{"self":[{"href":"https:\/\/www.triecologic.pt\/es\/wp-json\/wp\/v2\/product\/7410","targetHints":{"allow":["GET"]}}],"collection":[{"href":"https:\/\/www.triecologic.pt\/es\/wp-json\/wp\/v2\/product"}],"about":[{"href":"https:\/\/www.triecologic.pt\/es\/wp-json\/wp\/v2\/types\/product"}],"wp:featuredmedia":[{"embeddable":true,"href":"https:\/\/www.triecologic.pt\/es\/wp-json\/wp\/v2\/media\/9478"}],"wp:attachment":[{"href":"https:\/\/www.triecologic.pt\/es\/wp-json\/wp\/v2\/media?parent=7410"}],"wp:term":[{"taxonomy":"product_cat","embeddable":true,"href":"https:\/\/www.triecologic.pt\/es\/wp-json\/wp\/v2\/product_cat?post=7410"},{"taxonomy":"product_tag","embeddable":true,"href":"https:\/\/www.triecologic.pt\/es\/wp-json\/wp\/v2\/product_tag?post=7410"}],"curies":[{"name":"wp","href":"https:\/\/api.w.org\/{rel}","templated":true}]}}