{"id":7409,"date":"2022-05-18T10:11:03","date_gmt":"2022-05-18T10:11:03","guid":{"rendered":"https:\/\/www.triecologic.pt\/produto\/caixa-hamburguer-xl\/"},"modified":"2023-04-03T11:06:33","modified_gmt":"2023-04-03T11:06:33","slug":"caixa-hamburguer-xl","status":"publish","type":"product","link":"https:\/\/www.triecologic.pt\/es\/produto\/caixa-hamburguer-xl\/","title":{"rendered":"Caixa branca hamb\u00farguer XL"},"content":{"rendered":"<p class=\"qtranxs-available-languages-message qtranxs-available-languages-message-es\">Disculpa, pero esta entrada est\u00e1 disponible s\u00f3lo en <a href=\"https:\/\/www.triecologic.pt\/pt\/wp-json\/wp\/v2\/product\/7409\" class=\"qtranxs-available-language-link qtranxs-available-language-link-pt\" title=\"Portugu\u00eas\">Portugu\u00eas<\/a>.<\/p>Caixa em formato concha quadrado para hamb\u00fargueres XXL. Feita a partir de fibras recicladas de cana-de-a\u00e7\u00facar, \u00e9 a alternativa eco-friendly para o poliestireno. Este material natural tem excelentes propriedades t\u00e9rmicas e n\u00e3o faz condensa\u00e7\u00e3o como o pl\u00e1stico, mantendo o alimento quente e crocante.","protected":false},"excerpt":{"rendered":"<p>Disculpa, pero esta entrada est\u00e1 disponible s\u00f3lo en Portugu\u00eas.Caixa em formato concha quadrado para hamb\u00fargueres XXL. Feita a partir de fibras recicladas de cana-de-a\u00e7\u00facar, \u00e9 a alternativa eco-friendly para o poliestireno. Este material natural tem excelentes propriedades t\u00e9rmicas e n\u00e3o faz condensa\u00e7\u00e3o como o pl\u00e1stico, mantendo o alimento quente e crocante.<\/p>\n","protected":false},"featured_media":9477,"template":"","meta":{"_joinchat":[]},"product_cat":[242,235,279,239,237,331],"product_tag":[],"class_list":["post-7409","product","type-product","status-publish","has-post-thumbnail","hentry","product_cat-caixas-refeicao","product_cat-delivery-e-takeaway","product_cat-horeca","product_cat-linha-fast-street-finger-food","product_cat-saladas","product_cat-produtos-zero","product_marca-vegware","material-cana-de-acucar","certificados-astm-d6400","certificados-bpi-compostable","certificados-contacto-alimentar","certificados-en13432","certificados-fsc","certificados-tuv-austria-ok-compost"],"_links":{"self":[{"href":"https:\/\/www.triecologic.pt\/es\/wp-json\/wp\/v2\/product\/7409","targetHints":{"allow":["GET"]}}],"collection":[{"href":"https:\/\/www.triecologic.pt\/es\/wp-json\/wp\/v2\/product"}],"about":[{"href":"https:\/\/www.triecologic.pt\/es\/wp-json\/wp\/v2\/types\/product"}],"wp:featuredmedia":[{"embeddable":true,"href":"https:\/\/www.triecologic.pt\/es\/wp-json\/wp\/v2\/media\/9477"}],"wp:attachment":[{"href":"https:\/\/www.triecologic.pt\/es\/wp-json\/wp\/v2\/media?parent=7409"}],"wp:term":[{"taxonomy":"product_cat","embeddable":true,"href":"https:\/\/www.triecologic.pt\/es\/wp-json\/wp\/v2\/product_cat?post=7409"},{"taxonomy":"product_tag","embeddable":true,"href":"https:\/\/www.triecologic.pt\/es\/wp-json\/wp\/v2\/product_tag?post=7409"}],"curies":[{"name":"wp","href":"https:\/\/api.w.org\/{rel}","templated":true}]}}