{"id":7403,"date":"2022-05-18T10:11:03","date_gmt":"2022-05-18T10:11:03","guid":{"rendered":"https:\/\/www.triecologic.pt\/produto\/copo-para-aperitivos-e-snacks-em-papel-kraft\/"},"modified":"2023-04-03T14:18:48","modified_gmt":"2023-04-03T14:18:48","slug":"copo-para-aperitivos-e-snacks-em-papel-kraft","status":"publish","type":"product","link":"https:\/\/www.triecologic.pt\/es\/produto\/copo-para-aperitivos-e-snacks-em-papel-kraft\/","title":{"rendered":"Copo para aperitivos e snacks em papel kraft"},"content":{"rendered":"<p class=\"qtranxs-available-languages-message qtranxs-available-languages-message-es\">Disculpa, pero esta entrada est\u00e1 disponible s\u00f3lo en <a href=\"https:\/\/www.triecologic.pt\/pt\/wp-json\/wp\/v2\/product\/7403\" class=\"qtranxs-available-language-link qtranxs-available-language-link-pt\" title=\"Portugu\u00eas\">Portugu\u00eas<\/a>.<\/p>Copo em formato de cone com base. Revestido com PLA \u2013 pol\u00edmero feito \u00e0 base de plantas- resistente \u00e0 gordura e humidade. Ideal para colocar batatas fritas, castanhas assadas ou outros snacks como wraps ou crepes. Cart\u00e3o KRAFT proveniente de fontes sustent\u00e1veis, com um revestimento em PLA.","protected":false},"excerpt":{"rendered":"<p>Disculpa, pero esta entrada est\u00e1 disponible s\u00f3lo en Portugu\u00eas.Copo em formato de cone com base. Revestido com PLA \u2013 pol\u00edmero feito \u00e0 base de plantas- resistente \u00e0 gordura e humidade. Ideal para colocar batatas fritas, castanhas assadas ou outros snacks como wraps ou crepes. Cart\u00e3o KRAFT proveniente de fontes sustent\u00e1veis, com um revestimento em PLA.<\/p>\n","protected":false},"featured_media":9471,"template":"","meta":{"_joinchat":[]},"product_cat":[236,235,279,239,246,245],"product_tag":[],"class_list":["post-7403","product","type-product","status-publish","has-post-thumbnail","hentry","product_cat-catering","product_cat-delivery-e-takeaway","product_cat-horeca","product_cat-linha-fast-street-finger-food","product_cat-linha-pastelaria","product_cat-warps-e-sanduiches","product_marca-vegware","material-cartao","certificados-astm-d6400","certificados-bpi-compostable","certificados-contacto-alimentar","certificados-en13432","certificados-fsc","certificados-tuv-austria-ok-compost"],"_links":{"self":[{"href":"https:\/\/www.triecologic.pt\/es\/wp-json\/wp\/v2\/product\/7403","targetHints":{"allow":["GET"]}}],"collection":[{"href":"https:\/\/www.triecologic.pt\/es\/wp-json\/wp\/v2\/product"}],"about":[{"href":"https:\/\/www.triecologic.pt\/es\/wp-json\/wp\/v2\/types\/product"}],"wp:featuredmedia":[{"embeddable":true,"href":"https:\/\/www.triecologic.pt\/es\/wp-json\/wp\/v2\/media\/9471"}],"wp:attachment":[{"href":"https:\/\/www.triecologic.pt\/es\/wp-json\/wp\/v2\/media?parent=7403"}],"wp:term":[{"taxonomy":"product_cat","embeddable":true,"href":"https:\/\/www.triecologic.pt\/es\/wp-json\/wp\/v2\/product_cat?post=7403"},{"taxonomy":"product_tag","embeddable":true,"href":"https:\/\/www.triecologic.pt\/es\/wp-json\/wp\/v2\/product_tag?post=7403"}],"curies":[{"name":"wp","href":"https:\/\/api.w.org\/{rel}","templated":true}]}}