{"id":7400,"date":"2022-05-18T10:11:03","date_gmt":"2022-05-18T10:11:03","guid":{"rendered":"https:\/\/www.triecologic.pt\/produto\/tampa-gourmet-transparente-em-pla-tamanho-3\/"},"modified":"2023-04-11T22:02:22","modified_gmt":"2023-04-11T22:02:22","slug":"tampa-gourmet-transparente-em-pla-tamanho-3","status":"publish","type":"product","link":"https:\/\/www.triecologic.pt\/es\/produto\/tampa-gourmet-transparente-em-pla-tamanho-3\/","title":{"rendered":"Tampa Gourmet transparente em PLA Tamanho 3"},"content":{"rendered":"<p class=\"qtranxs-available-languages-message qtranxs-available-languages-message-es\">Disculpa, pero esta entrada est\u00e1 disponible s\u00f3lo en <a href=\"https:\/\/www.triecologic.pt\/pt\/wp-json\/wp\/v2\/product\/7400\" class=\"qtranxs-available-language-link qtranxs-available-language-link-pt\" title=\"Portugu\u00eas\">Portugu\u00eas<\/a>.<\/p>Mostre as suas saladas, sushi e sobremesas com a nossa nova tampa transparente feita a partir de plantas e n\u00e3o de petr\u00f3leo. Veda na perfei\u00e7\u00e3o as bases da linha Gourmet. Pr\u00e1ticas e ecol\u00f3gicas s\u00e3o a solu\u00e7\u00e3o perfeita para o servi\u00e7o de take-away e delivery. Encaixam nas bases V3. PLA &#8211; biopol\u00edmero \u00e0 base de plantas e n\u00e3o do petr\u00f3leo.","protected":false},"excerpt":{"rendered":"<p>Disculpa, pero esta entrada est\u00e1 disponible s\u00f3lo en Portugu\u00eas.Mostre as suas saladas, sushi e sobremesas com a nossa nova tampa transparente feita a partir de plantas e n\u00e3o de petr\u00f3leo. Veda na perfei\u00e7\u00e3o as bases da linha Gourmet. Pr\u00e1ticas e ecol\u00f3gicas s\u00e3o a solu\u00e7\u00e3o perfeita para o servi\u00e7o de take-away e delivery. Encaixam nas bases [&hellip;]<\/p>\n","protected":false},"featured_media":9468,"template":"","meta":{"_joinchat":[]},"product_cat":[283,242,285,235,279,257,246,238,237],"product_tag":[],"class_list":["post-7400","product","type-product","status-publish","has-post-thumbnail","hentry","product_cat-agricultura","product_cat-caixas-refeicao","product_cat-caixas-transparentes-agricultura","product_cat-delivery-e-takeaway","product_cat-horeca","product_cat-linha-gourmet","product_cat-linha-pastelaria","product_cat-linha-sushi","product_cat-saladas","product_marca-vegware","material-pla","certificados-astm-d6400","certificados-bpi-compostable","certificados-contacto-alimentar","certificados-en13432","certificados-fsc","certificados-tuv-austria-ok-compost"],"_links":{"self":[{"href":"https:\/\/www.triecologic.pt\/es\/wp-json\/wp\/v2\/product\/7400","targetHints":{"allow":["GET"]}}],"collection":[{"href":"https:\/\/www.triecologic.pt\/es\/wp-json\/wp\/v2\/product"}],"about":[{"href":"https:\/\/www.triecologic.pt\/es\/wp-json\/wp\/v2\/types\/product"}],"wp:featuredmedia":[{"embeddable":true,"href":"https:\/\/www.triecologic.pt\/es\/wp-json\/wp\/v2\/media\/9468"}],"wp:attachment":[{"href":"https:\/\/www.triecologic.pt\/es\/wp-json\/wp\/v2\/media?parent=7400"}],"wp:term":[{"taxonomy":"product_cat","embeddable":true,"href":"https:\/\/www.triecologic.pt\/es\/wp-json\/wp\/v2\/product_cat?post=7400"},{"taxonomy":"product_tag","embeddable":true,"href":"https:\/\/www.triecologic.pt\/es\/wp-json\/wp\/v2\/product_tag?post=7400"}],"curies":[{"name":"wp","href":"https:\/\/api.w.org\/{rel}","templated":true}]}}