{"id":7396,"date":"2022-05-18T10:11:02","date_gmt":"2022-05-18T10:11:02","guid":{"rendered":"https:\/\/www.triecologic.pt\/produto\/garfo-de-madeira-de-165-mm\/"},"modified":"2023-05-23T14:14:28","modified_gmt":"2023-05-23T14:14:28","slug":"garfo-de-madeira-de-165-mm","status":"publish","type":"product","link":"https:\/\/www.triecologic.pt\/es\/produto\/garfo-de-madeira-de-165-mm\/","title":{"rendered":"Garfo madeira 16,5 cm"},"content":{"rendered":"<p class=\"qtranxs-available-languages-message qtranxs-available-languages-message-es\">Disculpa, pero esta entrada est\u00e1 disponible s\u00f3lo en <a href=\"https:\/\/www.triecologic.pt\/pt\/wp-json\/wp\/v2\/product\/7396\" class=\"qtranxs-available-language-link qtranxs-available-language-link-pt\" title=\"Portugu\u00eas\">Portugu\u00eas<\/a>.<\/p>Garfo de madeira robusta e resistente. Estes talheres s\u00e3o um produto natural, biodegrad\u00e1vel e uma alternativa ecol\u00f3gica aos talheres de pl\u00e1sticos descart\u00e1veis convencionais. Madeira proveniente de fontes sustent\u00e1veis e certificadas.","protected":false},"excerpt":{"rendered":"<p>Disculpa, pero esta entrada est\u00e1 disponible s\u00f3lo en Portugu\u00eas.Garfo de madeira robusta e resistente. Estes talheres s\u00e3o um produto natural, biodegrad\u00e1vel e uma alternativa ecol\u00f3gica aos talheres de pl\u00e1sticos descart\u00e1veis convencionais. Madeira proveniente de fontes sustent\u00e1veis e certificadas.<\/p>\n","protected":false},"featured_media":9464,"template":"","meta":{"_joinchat":[]},"product_cat":[236,235,279,239,246,262],"product_tag":[],"class_list":["post-7396","product","type-product","status-publish","has-post-thumbnail","hentry","product_cat-catering","product_cat-delivery-e-takeaway","product_cat-horeca","product_cat-linha-fast-street-finger-food","product_cat-linha-pastelaria","product_cat-talheres","product_marca-vegware","material-madeira","certificados-astm-d6400","certificados-bpi-compostable","certificados-contacto-alimentar","certificados-en13432","certificados-fsc","certificados-tuv-austria-ok-compost"],"_links":{"self":[{"href":"https:\/\/www.triecologic.pt\/es\/wp-json\/wp\/v2\/product\/7396","targetHints":{"allow":["GET"]}}],"collection":[{"href":"https:\/\/www.triecologic.pt\/es\/wp-json\/wp\/v2\/product"}],"about":[{"href":"https:\/\/www.triecologic.pt\/es\/wp-json\/wp\/v2\/types\/product"}],"wp:featuredmedia":[{"embeddable":true,"href":"https:\/\/www.triecologic.pt\/es\/wp-json\/wp\/v2\/media\/9464"}],"wp:attachment":[{"href":"https:\/\/www.triecologic.pt\/es\/wp-json\/wp\/v2\/media?parent=7396"}],"wp:term":[{"taxonomy":"product_cat","embeddable":true,"href":"https:\/\/www.triecologic.pt\/es\/wp-json\/wp\/v2\/product_cat?post=7396"},{"taxonomy":"product_tag","embeddable":true,"href":"https:\/\/www.triecologic.pt\/es\/wp-json\/wp\/v2\/product_tag?post=7396"}],"curies":[{"name":"wp","href":"https:\/\/api.w.org\/{rel}","templated":true}]}}