{"id":7390,"date":"2022-05-18T10:11:02","date_gmt":"2022-05-18T10:11:02","guid":{"rendered":"https:\/\/www.triecologic.pt\/produto\/caixa-para-tortilha-ou-wrap-em-papel-kraft-com-janela\/"},"modified":"2022-09-28T14:45:09","modified_gmt":"2022-09-28T14:45:09","slug":"caixa-para-tortilha-ou-wrap-em-papel-kraft-com-janela","status":"publish","type":"product","link":"https:\/\/www.triecologic.pt\/es\/produto\/caixa-para-tortilha-ou-wrap-em-papel-kraft-com-janela\/","title":{"rendered":"Caixa para tortilha ou wrap em papel kraft com janela"},"content":{"rendered":"<p class=\"qtranxs-available-languages-message qtranxs-available-languages-message-es\">Disculpa, pero esta entrada est\u00e1 disponible s\u00f3lo en <a href=\"https:\/\/www.triecologic.pt\/pt\/wp-json\/wp\/v2\/product\/7390\" class=\"qtranxs-available-language-link qtranxs-available-language-link-pt\" title=\"Portugu\u00eas\">Portugu\u00eas<\/a>.<\/p>Caixa em cart\u00e3o Kraft para wraps, com uma janela em PLA. Totalmente compost\u00e1vel. Tem uma montagem muito f\u00e1cil e pr\u00e1tica. Cart\u00e3o de origem sustent\u00e1vel, com uma janela panor\u00e2mica em PLA &#8211; biopol\u00edmero feito \u00e0 base de plantas e n\u00e3o do petr\u00f3leo.<\/p>","protected":false},"excerpt":{"rendered":"<p>Disculpa, pero esta entrada est\u00e1 disponible s\u00f3lo en Portugu\u00eas.Caixa em cart\u00e3o Kraft para wraps, com uma janela em PLA. Totalmente compost\u00e1vel. Tem uma montagem muito f\u00e1cil e pr\u00e1tica. Cart\u00e3o de origem sustent\u00e1vel, com uma janela panor\u00e2mica em PLA &#8211; biopol\u00edmero feito \u00e0 base de plantas e n\u00e3o do petr\u00f3leo.<\/p>\n","protected":false},"featured_media":9458,"template":"","meta":{"_joinchat":[]},"product_cat":[235,279,239,246,255,245],"product_tag":[],"class_list":["post-7390","product","type-product","status-publish","has-post-thumbnail","hentry","product_cat-delivery-e-takeaway","product_cat-horeca","product_cat-linha-fast-street-finger-food","product_cat-linha-pastelaria","product_cat-sacos-involucros-e-folhas","product_cat-warps-e-sanduiches","product_marca-vegware","material-cartao","certificados-astm-d6400","certificados-bpi-compostable","certificados-contacto-alimentar","certificados-en13432","certificados-fsc","certificados-tuv-austria-ok-compost"],"_links":{"self":[{"href":"https:\/\/www.triecologic.pt\/es\/wp-json\/wp\/v2\/product\/7390","targetHints":{"allow":["GET"]}}],"collection":[{"href":"https:\/\/www.triecologic.pt\/es\/wp-json\/wp\/v2\/product"}],"about":[{"href":"https:\/\/www.triecologic.pt\/es\/wp-json\/wp\/v2\/types\/product"}],"wp:featuredmedia":[{"embeddable":true,"href":"https:\/\/www.triecologic.pt\/es\/wp-json\/wp\/v2\/media\/9458"}],"wp:attachment":[{"href":"https:\/\/www.triecologic.pt\/es\/wp-json\/wp\/v2\/media?parent=7390"}],"wp:term":[{"taxonomy":"product_cat","embeddable":true,"href":"https:\/\/www.triecologic.pt\/es\/wp-json\/wp\/v2\/product_cat?post=7390"},{"taxonomy":"product_tag","embeddable":true,"href":"https:\/\/www.triecologic.pt\/es\/wp-json\/wp\/v2\/product_tag?post=7390"}],"curies":[{"name":"wp","href":"https:\/\/api.w.org\/{rel}","templated":true}]}}