{"id":7388,"date":"2022-05-18T10:11:02","date_gmt":"2022-05-18T10:11:02","guid":{"rendered":"https:\/\/www.triecologic.pt\/produto\/tampa-rasa-transparente-para-frios-115-mm-2\/"},"modified":"2023-06-12T12:50:50","modified_gmt":"2023-06-12T12:50:50","slug":"tampa-rasa-transparente-para-frios-115-mm-2","status":"publish","type":"product","link":"https:\/\/www.triecologic.pt\/es\/produto\/tampa-rasa-transparente-para-frios-115-mm-2\/","title":{"rendered":"Tampa rasa transparente para frios 90 mm"},"content":{"rendered":"<p class=\"qtranxs-available-languages-message qtranxs-available-languages-message-es\">Disculpa, pero esta entrada est\u00e1 disponible s\u00f3lo en <a href=\"https:\/\/www.triecologic.pt\/pt\/wp-json\/wp\/v2\/product\/7388\" class=\"qtranxs-available-language-link qtranxs-available-language-link-pt\" title=\"Portugu\u00eas\">Portugu\u00eas<\/a>.<\/p>Tampas rasas transparentes, feitas \u00e0 base de plantas. Resistente a temperaturas at\u00e9 aos 40\u00baC. PLA &#8211; biopol\u00edmero \u00e0 base de plantas e n\u00e3o do petr\u00f3leo.","protected":false},"excerpt":{"rendered":"<p>Disculpa, pero esta entrada est\u00e1 disponible s\u00f3lo en Portugu\u00eas.Tampas rasas transparentes, feitas \u00e0 base de plantas. Resistente a temperaturas at\u00e9 aos 40\u00baC. PLA &#8211; biopol\u00edmero \u00e0 base de plantas e n\u00e3o do petr\u00f3leo.<\/p>\n","protected":false},"featured_media":9456,"template":"","meta":{"_joinchat":[]},"product_cat":[235,279,240,238,237,234],"product_tag":[],"class_list":["post-7388","product","type-product","status-publish","has-post-thumbnail","hentry","product_cat-delivery-e-takeaway","product_cat-horeca","product_cat-linha-geladaria","product_cat-linha-sushi","product_cat-saladas","product_cat-sopas-e-sobremesas","product_marca-vegware","material-pla","certificados-astm-d6400","certificados-bpi-compostable","certificados-contacto-alimentar","certificados-en13432","certificados-fsc","certificados-tuv-austria-ok-compost"],"_links":{"self":[{"href":"https:\/\/www.triecologic.pt\/es\/wp-json\/wp\/v2\/product\/7388","targetHints":{"allow":["GET"]}}],"collection":[{"href":"https:\/\/www.triecologic.pt\/es\/wp-json\/wp\/v2\/product"}],"about":[{"href":"https:\/\/www.triecologic.pt\/es\/wp-json\/wp\/v2\/types\/product"}],"wp:featuredmedia":[{"embeddable":true,"href":"https:\/\/www.triecologic.pt\/es\/wp-json\/wp\/v2\/media\/9456"}],"wp:attachment":[{"href":"https:\/\/www.triecologic.pt\/es\/wp-json\/wp\/v2\/media?parent=7388"}],"wp:term":[{"taxonomy":"product_cat","embeddable":true,"href":"https:\/\/www.triecologic.pt\/es\/wp-json\/wp\/v2\/product_cat?post=7388"},{"taxonomy":"product_tag","embeddable":true,"href":"https:\/\/www.triecologic.pt\/es\/wp-json\/wp\/v2\/product_tag?post=7388"}],"curies":[{"name":"wp","href":"https:\/\/api.w.org\/{rel}","templated":true}]}}