{"id":7384,"date":"2022-05-18T10:11:02","date_gmt":"2022-05-18T10:11:02","guid":{"rendered":"https:\/\/www.triecologic.pt\/produto\/caixa-retangular-branca-grande\/"},"modified":"2023-04-03T11:16:16","modified_gmt":"2023-04-03T11:16:16","slug":"caixa-retangular-branca-grande","status":"publish","type":"product","link":"https:\/\/www.triecologic.pt\/es\/produto\/caixa-retangular-branca-grande\/","title":{"rendered":"Caixa branca retangular grande"},"content":{"rendered":"<p class=\"qtranxs-available-languages-message qtranxs-available-languages-message-es\">Disculpa, pero esta entrada est\u00e1 disponible s\u00f3lo en <a href=\"https:\/\/www.triecologic.pt\/pt\/wp-json\/wp\/v2\/product\/7384\" class=\"qtranxs-available-language-link qtranxs-available-language-link-pt\" title=\"Portugu\u00eas\">Portugu\u00eas<\/a>.<\/p>Caixa em formato concha, feita a partir de fibras recicladas de cana-de-a\u00e7\u00facar. Este material natural tem excelentes propriedades t\u00e9rmicas e n\u00e3o faz condensa\u00e7\u00e3o como o pl\u00e1stico convencional, o que mant\u00e9m o alimento quente e crocante. Substituto do pl\u00e1stico, do esferovite e do alum\u00ednio. Fibras recicladas de cana-de-a\u00e7ucar.","protected":false},"excerpt":{"rendered":"<p>Disculpa, pero esta entrada est\u00e1 disponible s\u00f3lo en Portugu\u00eas.Caixa em formato concha, feita a partir de fibras recicladas de cana-de-a\u00e7\u00facar. Este material natural tem excelentes propriedades t\u00e9rmicas e n\u00e3o faz condensa\u00e7\u00e3o como o pl\u00e1stico convencional, o que mant\u00e9m o alimento quente e crocante. Substituto do pl\u00e1stico, do esferovite e do alum\u00ednio. Fibras recicladas de cana-de-a\u00e7ucar.<\/p>\n","protected":false},"featured_media":9452,"template":"","meta":{"_joinchat":[]},"product_cat":[242,235,279,239,246,238,237,245,331],"product_tag":[],"class_list":["post-7384","product","type-product","status-publish","has-post-thumbnail","hentry","product_cat-caixas-refeicao","product_cat-delivery-e-takeaway","product_cat-horeca","product_cat-linha-fast-street-finger-food","product_cat-linha-pastelaria","product_cat-linha-sushi","product_cat-saladas","product_cat-warps-e-sanduiches","product_cat-produtos-zero","product_marca-vegware","material-cana-de-acucar","certificados-astm-d6400","certificados-bpi-compostable","certificados-contacto-alimentar","certificados-en13432","certificados-fsc","certificados-tuv-austria-ok-compost"],"_links":{"self":[{"href":"https:\/\/www.triecologic.pt\/es\/wp-json\/wp\/v2\/product\/7384","targetHints":{"allow":["GET"]}}],"collection":[{"href":"https:\/\/www.triecologic.pt\/es\/wp-json\/wp\/v2\/product"}],"about":[{"href":"https:\/\/www.triecologic.pt\/es\/wp-json\/wp\/v2\/types\/product"}],"wp:featuredmedia":[{"embeddable":true,"href":"https:\/\/www.triecologic.pt\/es\/wp-json\/wp\/v2\/media\/9452"}],"wp:attachment":[{"href":"https:\/\/www.triecologic.pt\/es\/wp-json\/wp\/v2\/media?parent=7384"}],"wp:term":[{"taxonomy":"product_cat","embeddable":true,"href":"https:\/\/www.triecologic.pt\/es\/wp-json\/wp\/v2\/product_cat?post=7384"},{"taxonomy":"product_tag","embeddable":true,"href":"https:\/\/www.triecologic.pt\/es\/wp-json\/wp\/v2\/product_tag?post=7384"}],"curies":[{"name":"wp","href":"https:\/\/api.w.org\/{rel}","templated":true}]}}