{"id":7382,"date":"2022-05-18T10:11:02","date_gmt":"2022-05-18T10:11:02","guid":{"rendered":"https:\/\/www.triecologic.pt\/produto\/doseador-para-copos-de-96-mm\/"},"modified":"2023-04-11T19:58:24","modified_gmt":"2023-04-11T19:58:24","slug":"doseador-para-copos-de-96-mm","status":"publish","type":"product","link":"https:\/\/www.triecologic.pt\/es\/produto\/doseador-para-copos-de-96-mm\/","title":{"rendered":"Doseador para copos de 96 mm"},"content":{"rendered":"<p class=\"qtranxs-available-languages-message qtranxs-available-languages-message-es\">Disculpa, pero esta entrada est\u00e1 disponible s\u00f3lo en <a href=\"https:\/\/www.triecologic.pt\/pt\/wp-json\/wp\/v2\/product\/7382\" class=\"qtranxs-available-language-link qtranxs-available-language-link-pt\" title=\"Portugu\u00eas\">Portugu\u00eas<\/a>.<\/p>Este doseador de 3oz para inserir nos copos standard, transforma os copos para frio em kits para snacks, perfeitos para separar o alimento seco do molhado, no mesmo recipiente. Encaixa nos copos standard de PLA de 96 mm e nas ta\u00e7as Bella Pot. PLA &#8211; biopol\u00edmero \u00e0 base de plantas e n\u00e3o do petr\u00f3leo.","protected":false},"excerpt":{"rendered":"<p>Disculpa, pero esta entrada est\u00e1 disponible s\u00f3lo en Portugu\u00eas.Este doseador de 3oz para inserir nos copos standard, transforma os copos para frio em kits para snacks, perfeitos para separar o alimento seco do molhado, no mesmo recipiente. Encaixa nos copos standard de PLA de 96 mm e nas ta\u00e7as Bella Pot. PLA &#8211; biopol\u00edmero \u00e0 [&hellip;]<\/p>\n","protected":false},"featured_media":9450,"template":"","meta":{"_joinchat":[]},"product_cat":[236,235,250,279,239,238],"product_tag":[],"class_list":["post-7382","product","type-product","status-publish","has-post-thumbnail","hentry","product_cat-catering","product_cat-delivery-e-takeaway","product_cat-doseadores","product_cat-horeca","product_cat-linha-fast-street-finger-food","product_cat-linha-sushi","product_marca-vegware","material-pla","certificados-astm-d6400","certificados-bpi-compostable","certificados-contacto-alimentar","certificados-en13432","certificados-fsc","certificados-tuv-austria-ok-compost"],"_links":{"self":[{"href":"https:\/\/www.triecologic.pt\/es\/wp-json\/wp\/v2\/product\/7382","targetHints":{"allow":["GET"]}}],"collection":[{"href":"https:\/\/www.triecologic.pt\/es\/wp-json\/wp\/v2\/product"}],"about":[{"href":"https:\/\/www.triecologic.pt\/es\/wp-json\/wp\/v2\/types\/product"}],"wp:featuredmedia":[{"embeddable":true,"href":"https:\/\/www.triecologic.pt\/es\/wp-json\/wp\/v2\/media\/9450"}],"wp:attachment":[{"href":"https:\/\/www.triecologic.pt\/es\/wp-json\/wp\/v2\/media?parent=7382"}],"wp:term":[{"taxonomy":"product_cat","embeddable":true,"href":"https:\/\/www.triecologic.pt\/es\/wp-json\/wp\/v2\/product_cat?post=7382"},{"taxonomy":"product_tag","embeddable":true,"href":"https:\/\/www.triecologic.pt\/es\/wp-json\/wp\/v2\/product_tag?post=7382"}],"curies":[{"name":"wp","href":"https:\/\/api.w.org\/{rel}","templated":true}]}}