{"id":7380,"date":"2022-05-18T10:11:01","date_gmt":"2022-05-18T10:11:01","guid":{"rendered":"https:\/\/www.triecologic.pt\/produto\/saco-transparente-em-pla-120-x-350-mm\/"},"modified":"2023-06-06T08:54:10","modified_gmt":"2023-06-06T08:54:10","slug":"saco-transparente-em-pla-120-x-350-mm","status":"publish","type":"product","link":"https:\/\/www.triecologic.pt\/es\/produto\/saco-transparente-em-pla-120-x-350-mm\/","title":{"rendered":"Saco transparente em PLA 120 x 350 mm"},"content":{"rendered":"<p class=\"qtranxs-available-languages-message qtranxs-available-languages-message-es\">Disculpa, pero esta entrada est\u00e1 disponible s\u00f3lo en <a href=\"https:\/\/www.triecologic.pt\/pt\/wp-json\/wp\/v2\/product\/7380\" class=\"qtranxs-available-language-link qtranxs-available-language-link-pt\" title=\"Portugu\u00eas\">Portugu\u00eas<\/a>.<\/p>Eco-saco quadrado com a frente transparente (25 micron) e branco no verso (40 micron). Permite a termoselagem a baixas temperaturas. Ideal para embalar alimentos frios, tal como sanduiches, verduras, guloseimas, bolos, etc. PLA &#8211; biopol\u00edmero \u00e0 base de plantas e n\u00e3o do petr\u00f3leo.<\/p>","protected":false},"excerpt":{"rendered":"<p>Disculpa, pero esta entrada est\u00e1 disponible s\u00f3lo en Portugu\u00eas.Eco-saco quadrado com a frente transparente (25 micron) e branco no verso (40 micron). Permite a termoselagem a baixas temperaturas. Ideal para embalar alimentos frios, tal como sanduiches, verduras, guloseimas, bolos, etc. PLA &#8211; biopol\u00edmero \u00e0 base de plantas e n\u00e3o do petr\u00f3leo.<\/p>\n","protected":false},"featured_media":9448,"template":"","meta":{"_joinchat":[]},"product_cat":[283,235,279,246,256,255,245],"product_tag":[],"class_list":["post-7380","product","type-product","status-publish","has-post-thumbnail","hentry","product_cat-agricultura","product_cat-delivery-e-takeaway","product_cat-horeca","product_cat-linha-pastelaria","product_cat-sacos","product_cat-sacos-involucros-e-folhas","product_cat-warps-e-sanduiches","product_marca-vegware","material-pla","certificados-astm-d6400","certificados-bpi-compostable","certificados-contacto-alimentar","certificados-en13432","certificados-fsc","certificados-tuv-austria-ok-compost"],"_links":{"self":[{"href":"https:\/\/www.triecologic.pt\/es\/wp-json\/wp\/v2\/product\/7380","targetHints":{"allow":["GET"]}}],"collection":[{"href":"https:\/\/www.triecologic.pt\/es\/wp-json\/wp\/v2\/product"}],"about":[{"href":"https:\/\/www.triecologic.pt\/es\/wp-json\/wp\/v2\/types\/product"}],"wp:featuredmedia":[{"embeddable":true,"href":"https:\/\/www.triecologic.pt\/es\/wp-json\/wp\/v2\/media\/9448"}],"wp:attachment":[{"href":"https:\/\/www.triecologic.pt\/es\/wp-json\/wp\/v2\/media?parent=7380"}],"wp:term":[{"taxonomy":"product_cat","embeddable":true,"href":"https:\/\/www.triecologic.pt\/es\/wp-json\/wp\/v2\/product_cat?post=7380"},{"taxonomy":"product_tag","embeddable":true,"href":"https:\/\/www.triecologic.pt\/es\/wp-json\/wp\/v2\/product_tag?post=7380"}],"curies":[{"name":"wp","href":"https:\/\/api.w.org\/{rel}","templated":true}]}}